{"id":78,"date":"2025-06-16T20:17:47","date_gmt":"2025-06-16T20:17:47","guid":{"rendered":"https:\/\/docpoint.fi\/?page_id=78"},"modified":"2025-12-02T17:44:54","modified_gmt":"2025-12-02T15:44:54","slug":"yhdistys","status":"publish","type":"page","link":"https:\/\/www.docpoint.ee\/test\/toiminta\/yhdistys\/","title":{"rendered":"Yhdistys"},"content":{"rendered":"<div id='full_slider_1'  class='avia-fullwidth-slider main_color avia-shadow   avia-builder-el-0  el_before_av_textblock  avia-builder-el-first   container_wrap sidebar_right'  ><div  class='avia-slideshow av-mior0wej-88f8f7172b64cc550f0fb7dacd2c3076 avia-slideshow-featured av_slideshow_full avia-slide-slider av-slideshow-ui av-control-default av-slideshow-manual av-loop-once av-loop-manual-endless av-default-height-applied   avia-slideshow-1' data-slideshow-options=\"{&quot;animation&quot;:&quot;slide&quot;,&quot;autoplay&quot;:false,&quot;loop_autoplay&quot;:&quot;once&quot;,&quot;interval&quot;:5,&quot;loop_manual&quot;:&quot;manual-endless&quot;,&quot;autoplay_stopper&quot;:false,&quot;noNavigation&quot;:false,&quot;bg_slider&quot;:false,&quot;keep_padding&quot;:false,&quot;hoverpause&quot;:false,&quot;show_slide_delay&quot;:0}\"  itemprop=\"image\" itemscope=\"itemscope\" itemtype=\"https:\/\/schema.org\/ImageObject\" ><ul class='avia-slideshow-inner ' style='padding-bottom: 28.6666666667%;'><li  class='avia-slideshow-slide av-mior0wej-88f8f7172b64cc550f0fb7dacd2c3076__0  av-single-slide slide-1 slide-odd'><div data-rel='slideshow-1' class='avia-slide-wrap '   ><img decoding=\"async\" fetchpriority=\"high\" class=\"wp-image-1461 avia-img-lazy-loading-not-1461\"  src=\"https:\/\/www.docpoint.ee\/test\/wp-content\/uploads\/2025\/12\/19012021_BioRex_InariYlinen_1-1500x430.jpg\" width=\"1500\" height=\"430\" title='19012021_BioRex_InariYlinen_1' alt=''  itemprop=\"thumbnailUrl\"   \/><\/div><\/li><\/ul><\/div><\/div><div id='after_full_slider_1'  class='main_color av_default_container_wrap container_wrap sidebar_right'  ><div class='container av-section-cont-open' ><div class='template-page content  av-content-small alpha units'><div class='post-entry post-entry-type-page post-entry-78'><div class='entry-content-wrapper clearfix'>\n<section  class='av_textblock_section av-mig1i7e1-ef792cb9574e9a12a588eda5c18fa6f7 '   itemscope=\"itemscope\" itemtype=\"https:\/\/schema.org\/CreativeWork\" ><div class='avia_textblock'  itemprop=\"text\" ><h1><strong>DOCPOINT-ELOKUVATAPAHTUMAT RY<\/strong><\/h1>\n<p>DocPoint on suomalaista yhdistystoimintaa dokumenttielokuvan puolesta.<\/p>\n<p>DocPoint-elokuvatapahtumat ry on vuonna 2001 perustettu aatteellinen yhdistys. Sen tavoitteena on vahvistaa, syvent\u00e4\u00e4 ja monipuolistaa dokumenttielokuvan asemaa ja sen tuntemusta Suomessa. DocPointin j\u00e4rjest\u00e4mi\u00e4 tapahtumia ovat olleet DocPoint \u2013 Helsingin dokumenttielokuvafestivaali vuosittain tammi-helmikuussa, valtakunnallinen DOKKINO \u2013 lasten ja nuorten dokumenttielokuvatapahtuma ymp\u00e4ri vuoden sek\u00e4 DocPoint IMPACT, dokumenttielokuvan vaikuttavuustuottamisen tapahtumakokonaisuus.<\/p>\n<p><strong>STRATEGIA 2025\u20142030<\/strong><\/p>\n<p><strong>TEHT\u00c4V\u00c4<\/strong><\/p>\n<p>DocPoint-elokuvatapahtumat ry on vuonna 2001 perustettu yleishy\u00f6dyllinen yhdistys, jonka tarkoituksena on edist\u00e4\u00e4 dokumenttielokuvaa sek\u00e4 nostaa sen asemaa ja arvostusta yhteiskunnassa.<\/p>\n<p>DocPoint edist\u00e4\u00e4 yhdenvertaisuutta, moninaisuutta ja ekologisesti kest\u00e4v\u00e4\u00e4 tulevaisuutta.<\/p>\n<p>DocPoint haluaa her\u00e4tt\u00e4\u00e4 ajatuksia, synnytt\u00e4\u00e4 keskustelua sek\u00e4 luoda yhteis\u00f6llist\u00e4 ja humaania elokuvakulttuuria. DocPoint toimii yhteiskunnan kuvana ja sen muutosvoimana.<\/p>\n<p>Tarkoituksensa toteuttamiseksi taustaorganisaatio j\u00e4rjest\u00e4\u00e4 vuosittain DocPoint \u2014 Helsingin dokumenttielokuvafestivaalin, joka on ainoa yksinomaan dokumenttielokuviin keskittyv\u00e4 tapahtuma Suomessa. DocPoint tarjoaa elokuvantekij\u00f6ille mahdollisuuden teostensa esitt\u00e4miseen ja esitt\u00e4\u00e4 dokumenttielokuvia, joita ei ole muuten mahdollista n\u00e4hd\u00e4 elokuvateattereissa Suomessa.<\/p>\n<p><strong>TOIMINTAYMP\u00c4RIST\u00d6<\/strong><\/p>\n<p>Koko suomalaista yhteiskuntaa kohtaavat uudet haasteet: julkisen talouden leikkaukset, yhteiskunnan polarisaatio ja kaupallistuminen, muuttuva mediaymp\u00e4rist\u00f6, kilpailu yleis\u00f6jen vapaa-ajasta, teko\u00e4ly, valeuutiset, totuuden j\u00e4lkeinen aika, ilmastokriisi sek\u00e4 yhteiskunnan kovenevat asenteet taide- ja kulttuurialaa kohtaan.<\/p>\n<p>Kulttuuri on t\u00e4ss\u00e4 ajassa ja toimintaymp\u00e4rist\u00f6ss\u00e4 korvaamaton muutos- ja sivistysvoima.<\/p>\n<p><strong>VISIO<\/strong><\/p>\n<p>DocPoint on dokumenttielokuvataiteen yleis\u00f6jen, elokuvien ja tekij\u00f6iden t\u00e4rkein kansainv\u00e4linen kohtaamispaikka Suomessa.<\/p>\n<p>Dokumenttielokuva on kaikkien saavutettavissa ja se yhdist\u00e4\u00e4 ihmisi\u00e4. DocPoint on lis\u00e4nnyt yhdess\u00e4oloa ja luonut yhteis\u00f6llisen dokumenttielokuvafestivaalin.<\/p>\n<p>Dokumenttielokuvan asema on vahvistunut Suomessa. Suomi tunnetaan maailmalla dokumenttielokuvastaan, mik\u00e4 houkuttelee aiheesta kiinnostuneet ihmiset Helsinkiin.<\/p>\n<p><strong>T\u00c4RKEIMM\u00c4T SIDOSRYHM\u00c4T<\/strong><\/p>\n<p>Yleis\u00f6 (nykyinen ja uusi, potentiaalinen, tuleva), elokuvantekij\u00e4t, media, kumppanit (tapahtumapartnerit, kansalaisj\u00e4rjest\u00f6t, yritykset), rahoittajat ja tukijat, poliittiset p\u00e4\u00e4tt\u00e4j\u00e4t, henkil\u00f6kunta, sanansaattajat.<\/p>\n<p><strong>PROSESSIT JA TOIMINTAMALLIT<\/strong><\/p>\n<p>DocPointin toiminnassa arvot rohkeus, avoimuus, tasa-arvo, totuus ja ymm\u00e4rrys yhdistyv\u00e4t dokumentaariseen kerrontaan sen eri muodoissa.<\/p>\n<p>DocPoint-organisaatiossa ty\u00f6skentelee osaavia dokumenttielokuva-alan, johtamisen, viestinn\u00e4n ja tapahtumatuotannon ammattilaisia. T\u00e4m\u00e4n strategiakauden t\u00e4rkeimm\u00e4t yhteisty\u00f6kumppanit ovat Helsingin kaupunki, Suomen elokuvas\u00e4\u00e4ti\u00f6, AVEK ja Yleisradio.<\/p>\n<p><strong>VIESTINN\u00c4LLINEN KITEYTYS<\/strong><\/p>\n<p>Toiminta keskittyy t\u00e4ll\u00e4 strategiakaudella DocPoint \u2013 Helsingin dokumenttielokuvafestivaalin j\u00e4rjest\u00e4miseen.<\/p>\n<p>Elokuvafestivaali rakennetaan ekologisesti, sosiaalisesti, taloudellisesti ja kulttuurisesti kest\u00e4v\u00e4mm\u00e4lle pohjalle.<\/p>\n<p><strong>YHDISTYKSEN J\u00c4SENYYS<\/strong><\/p>\n<p>Otamme yhdistykseemme uusia j\u00e4seni\u00e4 vuosittain. Yhdistyksen j\u00e4seneksi voivat liitty\u00e4 kaikki dokumenttielokuvakulttuurista ja elokuvafestivaaleista innostuneet henkil\u00f6t, jotka hyv\u00e4ksyv\u00e4t yhdistyksen toiminnan tarjoituksen ja yhdistyksen s\u00e4\u00e4nn\u00f6t.<\/p>\n<p>Yhdistyksen j\u00e4senmaksu kalenterivuodelle 2025 on 40 euroa. J\u00e4senmaksu oikeuttaa kutsuun DocPoint \u2013 Helsingin dokumenttielokuvafestivaalille Member-passilla. Passi oikeuttaa yhteen n\u00e4yt\u00f6slippuun festivaalin jokaisena p\u00e4iv\u00e4n\u00e4.<\/p>\n<p>Kunniaj\u00e4senille j\u00e4senyys on maksuton.<\/p>\n<p><strong>YHDISTYKSEN HALLITUS<\/strong><\/p>\n<p>Yhdistyksen hallitukseen muodostavat\u00a0 puheenjohtaja ja kuusi varsinaista j\u00e4sent\u00e4 sek\u00e4 yksi varaj\u00e4sen.<\/p>\n<p>Vuosikokous valitsee puheenjohtajan kolmeksi vuodeksi kerrallaan. Kuusi hallituksen varsinaista j\u00e4sent\u00e4 valitaan kolmeksi vuodeksi kerrallaan siten, ett\u00e4 joka vuosi kaksi on erovuoroista. Kuuden varsinaisen j\u00e4senen ja puheenjohtajan lis\u00e4ksi valitaan varaj\u00e4sen aina vuodeksi kerrallaan. Puheenjohtaja voi istua korkeintaan kaksi toimikautta per\u00e4kk\u00e4in, hallituksen j\u00e4sen vain yhden toimikauden per\u00e4kk\u00e4in.<\/p>\n<p><strong>DocPoint-elokuvatapahtumat ry:n hallitus tilikaudella 1.4.2024 \u2013 31.3.2025<\/strong><\/p>\n<p>Betty Marschan, puheenjohtaja<br \/>\nJuha L\u00f6pp\u00f6nen, varapuheenjohtaja<br \/>\nErik B\u00e4ckman, j\u00e4sen<br \/>\nBarbara Lybeck, j\u00e4sen<br \/>\nEinari Paakkanen, j\u00e4sen<br \/>\nArto Sivonen, j\u00e4sen<br \/>\nElina Hirvonen, varaj\u00e4sen<\/p>\n<p><strong>DocPointin toiminnanjohtaja<\/strong><\/p>\n<p>Yhdistyksen toiminnanjohtajana ty\u00f6skentelee <strong>Anni Fahler<\/strong>, joka vastaa organisaation toiminnasta, taloudesta ja henkil\u00f6st\u00f6n johtamisesta yhdistyksen kaikkien tuotantojen osalta.<\/p>\n<p>Aikaisemmat toiminnanjohtajat:<\/p>\n<p>Johanna R\u00e5man, 08\/2023\u201308\/2025<br \/>\nTapio Riihim\u00e4ki, 12\/2018\u201307\/2023<br \/>\nUlla Bergstr\u00f6m, 8\/2012\u201311\/2018<br \/>\nLeena N\u00e4rekangas, 7\/2009\u20137\/2012<br \/>\nJari Matala, 5\/2007\u20134\/2009<br \/>\nKai Huotari, 4\/2003\u20136\/2006<\/p>\n<p><strong>DocPoint \u2013 Helsingin dokumenttielokuvafestivaalin taiteellinen johtaja<\/strong><\/p>\n<p>DocPoint-festivaalin taiteellisena johtajana toimii elokuvaohjaaja <strong>Inka Acht\u00e9<\/strong>. Taiteellisen johtajana vastuulla ovat festivaalin ohjelmisto ja sis\u00e4lt\u00f6kysymykset.<\/p>\n<p>Taiteelliset johtajat:<br \/>\nKati Juurus 2019\u20132022<br \/>\nKansainv\u00e4linen kuraattoriryhm\u00e4: Sirkka M\u00f6ller, Sergio Fant, Pieter-Jan Van Damme 2018<br \/>\nIris Olsson 2017-18<br \/>\nUlla Simonen, 2014\u201316<br \/>\nErja Dammert, 2012\u201313<br \/>\nErkko Lyytinen, 2009\u201311<br \/>\nVirpi Suutari, 2008<br \/>\nKristina Schulgin, 2005\u201307<br \/>\nArto Halonen, 2002\u201304<\/p>\n<\/div><\/section>\n","protected":false},"excerpt":{"rendered":"","protected":false},"author":3,"featured_media":0,"parent":45,"menu_order":4,"comment_status":"closed","ping_status":"closed","template":"","meta":{"_acf_changed":false,"footnotes":""},"class_list":["post-78","page","type-page","status-publish","hentry"],"acf":[],"_links":{"self":[{"href":"https:\/\/www.docpoint.ee\/test\/wp-json\/wp\/v2\/pages\/78","targetHints":{"allow":["GET"]}}],"collection":[{"href":"https:\/\/www.docpoint.ee\/test\/wp-json\/wp\/v2\/pages"}],"about":[{"href":"https:\/\/www.docpoint.ee\/test\/wp-json\/wp\/v2\/types\/page"}],"author":[{"embeddable":true,"href":"https:\/\/www.docpoint.ee\/test\/wp-json\/wp\/v2\/users\/3"}],"replies":[{"embeddable":true,"href":"https:\/\/www.docpoint.ee\/test\/wp-json\/wp\/v2\/comments?post=78"}],"version-history":[{"count":5,"href":"https:\/\/www.docpoint.ee\/test\/wp-json\/wp\/v2\/pages\/78\/revisions"}],"predecessor-version":[{"id":2606,"href":"https:\/\/www.docpoint.ee\/test\/wp-json\/wp\/v2\/pages\/78\/revisions\/2606"}],"up":[{"embeddable":true,"href":"https:\/\/www.docpoint.ee\/test\/wp-json\/wp\/v2\/pages\/45"}],"wp:attachment":[{"href":"https:\/\/www.docpoint.ee\/test\/wp-json\/wp\/v2\/media?parent=78"}],"curies":[{"name":"wp","href":"https:\/\/api.w.org\/{rel}","templated":true}]}}