{"id":76,"date":"2025-06-16T20:16:50","date_gmt":"2025-06-16T20:16:50","guid":{"rendered":"https:\/\/docpoint.fi\/?page_id=76"},"modified":"2025-12-02T17:52:37","modified_gmt":"2025-12-02T15:52:37","slug":"turvallisempi-tila","status":"publish","type":"page","link":"https:\/\/www.docpoint.ee\/test\/info\/turvallisempi-tila\/","title":{"rendered":"Turvallisempi tila"},"content":{"rendered":"<div id='full_slider_1'  class='avia-fullwidth-slider main_color avia-shadow   avia-builder-el-0  el_before_av_textblock  avia-builder-el-first   container_wrap sidebar_right'  ><div  class='avia-slideshow av-mig27uiv-4760cc0ea00b2e9a8731cc87d0be3080 avia-slideshow-featured av_slideshow_full avia-slide-slider av-slideshow-ui av-control-default av-slideshow-manual av-loop-once av-loop-manual-endless av-default-height-applied   avia-slideshow-1' data-slideshow-options=\"{&quot;animation&quot;:&quot;slide&quot;,&quot;autoplay&quot;:false,&quot;loop_autoplay&quot;:&quot;once&quot;,&quot;interval&quot;:5,&quot;loop_manual&quot;:&quot;manual-endless&quot;,&quot;autoplay_stopper&quot;:false,&quot;noNavigation&quot;:false,&quot;bg_slider&quot;:false,&quot;keep_padding&quot;:false,&quot;hoverpause&quot;:false,&quot;show_slide_delay&quot;:0}\"  itemprop=\"image\" itemscope=\"itemscope\" itemtype=\"https:\/\/schema.org\/ImageObject\" ><ul class='avia-slideshow-inner ' style='padding-bottom: 28.6666666667%;'><li  class='avia-slideshow-slide av-mig27uiv-4760cc0ea00b2e9a8731cc87d0be3080__0  av-single-slide slide-1 slide-odd'><div data-rel='slideshow-1' class='avia-slide-wrap '   ><img decoding=\"async\" fetchpriority=\"high\" class=\"wp-image-1343 avia-img-lazy-loading-not-1343\"  src=\"https:\/\/www.docpoint.ee\/test\/wp-content\/uploads\/2025\/11\/IMG_3365_Justus-Matto-1500x430.jpg\" width=\"1500\" height=\"430\" title='IMG_3365_Justus M\u00e4tt\u00f6' alt=''  itemprop=\"thumbnailUrl\"   \/><\/div><\/li><\/ul><\/div><\/div><div id='after_full_slider_1'  class='main_color av_default_container_wrap container_wrap sidebar_right'  ><div class='container av-section-cont-open' ><div class='template-page content  av-content-small alpha units'><div class='post-entry post-entry-type-page post-entry-76'><div class='entry-content-wrapper clearfix'>\n<section  class='av_textblock_section av-mig25lf8-8453aafdfe2c0791dee9d6c172147ebe '   itemscope=\"itemscope\" itemtype=\"https:\/\/schema.org\/CreativeWork\" ><div class='avia_textblock'  itemprop=\"text\" ><p><strong>TURVALLISEMMAN TILAN PERIAATTEET<\/strong><\/p>\n<p>DocPoint pyrkii luomaan turvallisempia tiloja ja tapahtumia, jonne jokainen on tervetullut omana itsen\u00e4\u00e4n. Turvallisemman tilan periaatteiden avulla rohkaisemme k\u00e4vij\u00f6it\u00e4mme, sidosryhmi\u00e4mme ja yhteisty\u00f6kumppaneitamme kiinnitt\u00e4m\u00e4\u00e4n huomiota syrjim\u00e4tt\u00f6myyteen ja toisia kunnioittavaan k\u00e4yt\u00f6kseen.<\/p>\n<ul>\n<li>\u00c4l\u00e4 tee oletuksia ihmisen sukupuolesta, seksuaalista suuntautumisesta tai suhdemuodosta. \u00c4l\u00e4 oleta kenenk\u00e4\u00e4n kansallisuutta, kulttuuria, kielt\u00e4, uskontoa, arvoja, terveydentilaa tai toimintakyky\u00e4.<\/li>\n<li>Anna tilaa ja vaadi sit\u00e4 tarvittaessa my\u00f6s itsellesi. \u00c4l\u00e4 h\u00e4iritse koskettamalla, tuijottamalla tai sanallisesti. \u00c4l\u00e4 kosketa toisia ilman lupaa.<\/li>\n<li>Puutu ongelmalliseen kielenk\u00e4ytt\u00f6\u00f6n. \u00c4l\u00e4 k\u00e4yt\u00e4 halventavia, toiseuttavia, seksistisi\u00e4, rasistisia tai ableistisia ilmaisuja tai syrjivi\u00e4 stereotypioita. H\u00e4iritsev\u00e4sti k\u00e4ytt\u00e4ytyv\u00e4 henkil\u00f6 poistetaan tarvittaessa tiloista.<\/li>\n<li>Jos tulet huomautetuksi ongelmallisesta kielenk\u00e4yt\u00f6st\u00e4 tai toiminnasta, pyyd\u00e4 anteeksi ja kiinnit\u00e4 huomiota asiaan tulevaisuudessa. \u00c4l\u00e4 v\u00e4h\u00e4ttele omaa k\u00e4yt\u00f6st\u00e4si, vaikket olisikaan tarkoittanut pahaa.<\/li>\n<li>Pyri tunnistamaan omat etuoikeutesi ja valta-asemasi, ja toimi ne tiedostaen. Kiinnit\u00e4 huomiota omiin toimintamalleihisi, kielenk\u00e4ytt\u00f6\u00f6si ja tapaasi ottaa tilaa haltuun.<\/li>\n<li>Pyrimme kiinnitt\u00e4m\u00e4\u00e4n huomiota tapahtumiemme esteett\u00f6myyteen ja saavutettavuuteen. Tiedostamme, etteiv\u00e4t kaikki elokuvasalimme ole t\u00e4ysin esteett\u00f6mi\u00e4.<\/li>\n<li>Muista, ett\u00e4 jokainen rikkoo turvallisemman tilan periaatteita joskus. Opitaan virheist\u00e4mme ja pyrit\u00e4\u00e4n parantamaan k\u00e4yt\u00f6st\u00e4mme jatkossa.<\/li>\n<\/ul>\n<p>Jos kohtaat ongelmia tai n\u00e4iden periaatteiden vastaista toimintaa, puutu tilanteeseen. Mik\u00e4li haluat antaa palautetta t\u00e4llaisista tilanteista DocPointin tapahtumissa, voit tehd\u00e4 sen <a href=\"https:\/\/airtable.com\/appw1MXckcwp3PLOQ\/shrKcCarL8wPVzQaJ\">t\u00e4ll\u00e4 lomakkeella<\/a>. Voit t\u00e4ytt\u00e4\u00e4 lomakkeen anonyymisti tai halutessasi j\u00e4tt\u00e4\u00e4 yhteystietosi, jotta voimme olla sinuun yhteydess\u00e4 palautteeseen liittyen. Tarvittaessa voit olla yhteydess\u00e4 DocPointin h\u00e4irint\u00e4yhdyshenkil\u00f6\u00f6n Karoliina Virtanen (karoliina(at)docpoint.fi).<\/p>\n<p><strong>YMP\u00c4RIST\u00d6TY\u00d6<\/strong><\/p>\n<p>DocPointin ymp\u00e4rist\u00f6strategiassa linjataan yhdistyksen tavoitteet ja toimenpiteet siten, ett\u00e4 yhdistyksen toiminta on ymp\u00e4rist\u00f6\u00e4 mahdollisimman v\u00e4h\u00e4n kuormittavaa ja toisaalta ymp\u00e4rist\u00f6n tilaa edist\u00e4v\u00e4\u00e4. Sitoudumme tekem\u00e4\u00e4n osamme ilmastokriisin hillitsemisess\u00e4 sek\u00e4 pienent\u00e4m\u00e4\u00e4n hiilijalanj\u00e4lke\u00e4mme. Pyrimme etsim\u00e4\u00e4n lis\u00e4resursseja vastuullisemman toiminnan kehitt\u00e4miseen.<\/p>\n<p>DocPoint haluaa toimia vastuullisesti ja ymp\u00e4rist\u00f6\u00e4 kunnioittavasti.<\/p>\n<p><strong>TAVOITTEET<\/strong><\/p>\n<p>Strategian tavoitteena on edist\u00e4\u00e4 vastuullisuutta, v\u00e4hent\u00e4\u00e4 hiilijalanj\u00e4lke\u00e4 ja k\u00e4ytt\u00e4\u00e4 resursseja tehokkaasti festivaalin mahdollisuuksiin soveltuvilla, k\u00e4yt\u00e4nn\u00f6nl\u00e4heisill\u00e4 ratkaisuilla.<\/p>\n<p>Yhdistys noudattaa kaikkia sit\u00e4 koskevia ymp\u00e4rist\u00f6\u00f6n, terveyteen, turvallisuuteen ja ty\u00f6voimaan liittyvi\u00e4 kansainv\u00e4lisi\u00e4, kansallisia ja paikallisia sopimuksia, lakeja ja muita s\u00e4\u00e4nn\u00f6ksi\u00e4.<\/p>\n<p><strong>Tavoitteemme:<\/strong><\/p>\n<p>DocPointin ymp\u00e4rist\u00f6strategian keskeisen\u00e4 tavoitteena on yhdistyksen oman hiilijalanj\u00e4ljen pienent\u00e4minen. Tarkastelemme strategiaa vuosittain ja p\u00e4ivit\u00e4mme sit\u00e4 ajantasaisimman tiedon mukaan.<\/p>\n<p>Tavoitteenamme on muuttaa toimintakulttuuriamme siten, ett\u00e4 otamme ymp\u00e4rist\u00f6vaikutukset huomioon kaikessa toiminnassa ja pyrimme toimimaan ymp\u00e4rist\u00f6\u00e4 kunnioittavalla tavalla niin hankintojen, ohjelmistovalintojen kuin matkustamisen osalta.<\/p>\n<p>Lis\u00e4ksi kiinnit\u00e4mme huomiota l\u00e4pin\u00e4kyv\u00e4\u00e4n viestint\u00e4\u00e4n: sis\u00e4llyt\u00e4mme ymp\u00e4rist\u00f6stategian ty\u00f6ntekij\u00f6iden perehdytykseen, painotamme k\u00e4vij\u00f6ille ja yhteisty\u00f6kumppaneille arvomaailmaamme sek\u00e4 tiedotamme yleis\u00f6lle linjauksistamme.<\/p>\n<\/div><\/section>\n","protected":false},"excerpt":{"rendered":"","protected":false},"author":3,"featured_media":0,"parent":53,"menu_order":3,"comment_status":"closed","ping_status":"closed","template":"","meta":{"_acf_changed":false,"footnotes":""},"class_list":["post-76","page","type-page","status-publish","hentry"],"acf":[],"_links":{"self":[{"href":"https:\/\/www.docpoint.ee\/test\/wp-json\/wp\/v2\/pages\/76","targetHints":{"allow":["GET"]}}],"collection":[{"href":"https:\/\/www.docpoint.ee\/test\/wp-json\/wp\/v2\/pages"}],"about":[{"href":"https:\/\/www.docpoint.ee\/test\/wp-json\/wp\/v2\/types\/page"}],"author":[{"embeddable":true,"href":"https:\/\/www.docpoint.ee\/test\/wp-json\/wp\/v2\/users\/3"}],"replies":[{"embeddable":true,"href":"https:\/\/www.docpoint.ee\/test\/wp-json\/wp\/v2\/comments?post=76"}],"version-history":[{"count":5,"href":"https:\/\/www.docpoint.ee\/test\/wp-json\/wp\/v2\/pages\/76\/revisions"}],"predecessor-version":[{"id":1475,"href":"https:\/\/www.docpoint.ee\/test\/wp-json\/wp\/v2\/pages\/76\/revisions\/1475"}],"up":[{"embeddable":true,"href":"https:\/\/www.docpoint.ee\/test\/wp-json\/wp\/v2\/pages\/53"}],"wp:attachment":[{"href":"https:\/\/www.docpoint.ee\/test\/wp-json\/wp\/v2\/media?parent=76"}],"curies":[{"name":"wp","href":"https:\/\/api.w.org\/{rel}","templated":true}]}}