{"id":2240,"date":"2025-12-15T17:03:12","date_gmt":"2025-12-15T15:03:12","guid":{"rendered":"https:\/\/docpoint.fi\/?page_id=2240"},"modified":"2025-12-16T10:56:26","modified_gmt":"2025-12-16T08:56:26","slug":"lippujenehdot","status":"publish","type":"page","link":"https:\/\/www.docpoint.ee\/test\/lippujenehdot\/","title":{"rendered":"Lippujen myynti-, peruutus- ja k\u00e4ytt\u00f6ehdot"},"content":{"rendered":"<div id='full_slider_1'  class='avia-fullwidth-slider main_color avia-shadow   avia-builder-el-0  el_before_av_one_full  avia-builder-el-first   container_wrap sidebar_right'  ><div  class='avia-slideshow av-mj7a8n61-ec4acb6b4f36e3bf30c30e98ce099d66 avia-slideshow-featured av_slideshow_full avia-slide-slider av-slideshow-ui av-control-default av-slideshow-manual av-loop-once av-loop-manual-endless av-default-height-applied   avia-slideshow-1' data-slideshow-options=\"{&quot;animation&quot;:&quot;slide&quot;,&quot;autoplay&quot;:false,&quot;loop_autoplay&quot;:&quot;once&quot;,&quot;interval&quot;:5,&quot;loop_manual&quot;:&quot;manual-endless&quot;,&quot;autoplay_stopper&quot;:false,&quot;noNavigation&quot;:false,&quot;bg_slider&quot;:false,&quot;keep_padding&quot;:false,&quot;hoverpause&quot;:false,&quot;show_slide_delay&quot;:0}\"  itemprop=\"image\" itemscope=\"itemscope\" itemtype=\"https:\/\/schema.org\/ImageObject\" ><ul class='avia-slideshow-inner ' style='padding-bottom: 29.6551724138%;'><li  class='avia-slideshow-slide av-mj7a8n61-ec4acb6b4f36e3bf30c30e98ce099d66__0  av-single-slide slide-1 slide-odd'><div data-rel='slideshow-1' class='avia-slide-wrap '   ><img decoding=\"async\" fetchpriority=\"high\" class=\"wp-image-1365 avia-img-lazy-loading-not-1365\"  src=\"https:\/\/www.docpoint.ee\/test\/wp-content\/uploads\/2025\/11\/250207-alejandro-ramirez-general-atmosphere-12-scaled-e1739030405517-1450x430.jpg\" width=\"1450\" height=\"430\" title='250207-alejandro-ramirez-general-atmosphere-12-scaled-e1739030405517' alt=''  itemprop=\"thumbnailUrl\"   \/><\/div><\/li><\/ul><\/div><\/div><div id='after_full_slider_1'  class='main_color av_default_container_wrap container_wrap sidebar_right'  ><div class='container av-section-cont-open' ><div class='template-page content  av-content-small alpha units'><div class='post-entry post-entry-type-page post-entry-2240'><div class='entry-content-wrapper clearfix'>\n<div  class='flex_column av-ejx2n4-1e2cf81c2af1d69aac7c67dcace84eab av_one_full  avia-builder-el-1  el_after_av_slideshow_full  avia-builder-el-no-sibling  first flex_column_div  '     ><p>\n<style type=\"text\/css\" data-created_by=\"avia_inline_auto\" id=\"style-css-av-mj7a8cvd-f131c26a0acc6bea2f9af84e6706d096\">\n#top .av-special-heading.av-mj7a8cvd-f131c26a0acc6bea2f9af84e6706d096{\npadding-bottom:10px;\n}\nbody .av-special-heading.av-mj7a8cvd-f131c26a0acc6bea2f9af84e6706d096 .av-special-heading-tag .heading-char{\nfont-size:25px;\n}\n.av-special-heading.av-mj7a8cvd-f131c26a0acc6bea2f9af84e6706d096 .av-subheading{\nfont-size:15px;\n}\n<\/style>\n<div  class='av-special-heading av-mj7a8cvd-f131c26a0acc6bea2f9af84e6706d096 av-special-heading-h1 blockquote modern-quote  avia-builder-el-2  el_before_av_textblock  avia-builder-el-first '><h1 class='av-special-heading-tag '  itemprop=\"headline\"  >Myynti-, peruutus- ja k\u00e4ytt\u00f6ehdot<\/h1><div class=\"special-heading-border\"><div class=\"special-heading-inner-border\"><\/div><\/div><\/div><br \/>\n<section  class='av_textblock_section av-cqt3xc-c50d4629d4da8c2017966d4684b40a2c '   itemscope=\"itemscope\" itemtype=\"https:\/\/schema.org\/CreativeWork\" ><div class='avia_textblock'  itemprop=\"text\" ><h4><b>Myyntiehdot<\/b><\/h4>\n<p>DocPoint varaa oikeuden tehd\u00e4 tapahtumiin tarvittavia muutoksia. Mik\u00e4li tapahtumiin tulee muutoksia, olemme lipun ostaneisiin yhteydess\u00e4 s\u00e4hk\u00f6postitse. Edellyt\u00e4mme asiakkaiden noudattavan annettuja ohjeistuksia ja sitoutumaan <a href=\"https:\/\/docpoint.fi\/info\/turvallisempi-tila\/\">turvallisemman tilan periaatteisiin<\/a>.<\/p>\n<h4><b>Peruutusehdot<\/b><\/h4>\n<p>DocPoint \u2013 Helsingin dokumenttielokuvafestivaalin 2026 lipuilla ei ole palautusoikeutta. Sarjakortilla, vapaalipulla tai festivaalipassilla lunastettua lippua ei my\u00f6sk\u00e4\u00e4n hyvitet\u00e4. N\u00e4yt\u00f6slipun voi vaihtaa 1,5\u20ac lis\u00e4hintaan.<\/p>\n<p>Jos n\u00e4yt\u00f6s peruuntuu esimerkiksi teknisist\u00e4 syist\u00e4, hyvit\u00e4mme yksitt\u00e4iset n\u00e4yt\u00f6sliput ensisijaisesti festivaalin vapaalipulla. Sarjakortilla lunastettujen lippujen saldo palautetaan kortille automaattisesti.<\/p>\n<p>DocPoint \u2013 Helsingin dokumenttielokuvafestivaali pid\u00e4tt\u00e4\u00e4 oikeuden ohjelmistomuutoksiin. Mahdollisista muutoksista tiedotetaan festivaalin verkkosivuilla osoitteessa <a href=\"https:\/\/docpointfestival.fi\/\">docpoint.fi<\/a>.<\/p>\n<h4><b>Sarjakortin k\u00e4ytt\u00f6ehdot<\/b><\/h4>\n<p>Sarjakortit ovat voimassa vuoden 2026 DocPoint \u2013 Helsingin dokumenttielokuvafestivaalilla. Ostettua sarjakorttia ei voi palauttaa eik\u00e4 sit\u00e4 hyvitet\u00e4. Sarjakortille j\u00e4\u00e4v\u00e4\u00e4 lippusaldoa ei hyvitet\u00e4.<\/p>\n<p>Sarjakortti ei sellaisenaan oikeuta sis\u00e4\u00e4np\u00e4\u00e4sy\u00e4 n\u00e4yt\u00f6ksiin, vaan sill\u00e4 on lunastettava lippu tai liput ennen n\u00e4yt\u00f6ksen alkua. Sarjakortilla voi lunastaa n\u00e4yt\u00f6skohtaisia lippuja verkkokaupasta ja festivaalin aikana lipunmyyntipisteilt\u00e4. Sarjakortilla ei voi lunastaa lippuja ilmais- tai loppuunmyytyihin n\u00e4yt\u00f6ksiin.<\/p>\n<p>Festivaalin sarjakortit eiv\u00e4t ole henkil\u00f6kohtaisia, vaan samaa sarjakorttia voi k\u00e4ytt\u00e4\u00e4 useampi henkil\u00f6. Sarjakortin kaikkia lippuja ei tarvitse k\u00e4ytt\u00e4\u00e4 kerralla.\u00a0Alennusryhmien sarjakortin voivat jakaa alennusryhmiin kuuluvat henkil\u00f6t. K\u00e4ytt\u00e4ess\u00e4si alennusarjakortilla lunastettua lippua, varaudu todistamaan oikeutesi alennukseen elokuvan\u00e4yt\u00f6kseen saapuessasi.<\/p>\n<p>Poikkeus: Kulttuurieduilla ostettu n\u00e4yt\u00f6slippu\/sarjakortti on henkil\u00f6kohtainen. Kulttuuriedulla ostetulla sarjakortilla n\u00e4yt\u00f6slippuja voi lunastaa vain itselleen. Ostajan tulee varautua todistamaan henkil\u00f6llisyytens\u00e4 ostaessaan sarjakorttia ja\u00a0 n\u00e4yt\u00f6kseen saapuessaan lipuntarkastuksessa. V\u00e4\u00e4rink\u00e4ytt\u00f6tilanteissa lippu mit\u00e4t\u00f6id\u00e4\u00e4n, kulttuurietua ei palauteta ja v\u00e4\u00e4rink\u00e4yt\u00f6ksest\u00e4 ilmoitetaan kulttuurimaksutavan palveluntarjoajalle, joka voi s\u00e4\u00e4nt\u00f6jens\u00e4 mukaisesti poistaa edun k\u00e4yt\u00f6st\u00e4 kokonaisuudessaan.<\/p>\n<\/div><\/section><\/p><\/div>\n","protected":false},"excerpt":{"rendered":"","protected":false},"author":7,"featured_media":1365,"parent":0,"menu_order":0,"comment_status":"closed","ping_status":"closed","template":"","meta":{"_acf_changed":false,"footnotes":""},"class_list":["post-2240","page","type-page","status-publish","has-post-thumbnail","hentry"],"acf":[],"_links":{"self":[{"href":"https:\/\/www.docpoint.ee\/test\/wp-json\/wp\/v2\/pages\/2240","targetHints":{"allow":["GET"]}}],"collection":[{"href":"https:\/\/www.docpoint.ee\/test\/wp-json\/wp\/v2\/pages"}],"about":[{"href":"https:\/\/www.docpoint.ee\/test\/wp-json\/wp\/v2\/types\/page"}],"author":[{"embeddable":true,"href":"https:\/\/www.docpoint.ee\/test\/wp-json\/wp\/v2\/users\/7"}],"replies":[{"embeddable":true,"href":"https:\/\/www.docpoint.ee\/test\/wp-json\/wp\/v2\/comments?post=2240"}],"version-history":[{"count":3,"href":"https:\/\/www.docpoint.ee\/test\/wp-json\/wp\/v2\/pages\/2240\/revisions"}],"predecessor-version":[{"id":2252,"href":"https:\/\/www.docpoint.ee\/test\/wp-json\/wp\/v2\/pages\/2240\/revisions\/2252"}],"wp:featuredmedia":[{"embeddable":true,"href":"https:\/\/www.docpoint.ee\/test\/wp-json\/wp\/v2\/media\/1365"}],"wp:attachment":[{"href":"https:\/\/www.docpoint.ee\/test\/wp-json\/wp\/v2\/media?parent=2240"}],"curies":[{"name":"wp","href":"https:\/\/api.w.org\/{rel}","templated":true}]}}