{"id":2094,"date":"2025-12-10T12:44:17","date_gmt":"2025-12-10T10:44:17","guid":{"rendered":"https:\/\/docpoint.fi\/?page_id=2094"},"modified":"2025-12-29T12:12:34","modified_gmt":"2025-12-29T10:12:34","slug":"vapaaehtoiset","status":"publish","type":"page","link":"https:\/\/www.docpoint.ee\/test\/vapaaehtoiset\/","title":{"rendered":"Vapaaehtoiset"},"content":{"rendered":"<div id='full_slider_1'  class='avia-fullwidth-slider main_color avia-shadow   avia-builder-el-0  el_before_av_one_full  avia-builder-el-first   container_wrap sidebar_right'  ><div  class='avia-slideshow av-mizvtjeg-2771a9dd16bc6abe89c07c2550f5bf2c avia-slideshow-featured av_slideshow_full avia-slide-slider av-slideshow-ui av-control-default av-slideshow-manual av-loop-once av-loop-manual-endless av-default-height-applied   avia-slideshow-1' data-slideshow-options=\"{&quot;animation&quot;:&quot;slide&quot;,&quot;autoplay&quot;:false,&quot;loop_autoplay&quot;:&quot;once&quot;,&quot;interval&quot;:5,&quot;loop_manual&quot;:&quot;manual-endless&quot;,&quot;autoplay_stopper&quot;:false,&quot;noNavigation&quot;:false,&quot;bg_slider&quot;:false,&quot;keep_padding&quot;:false,&quot;hoverpause&quot;:false,&quot;show_slide_delay&quot;:0}\"  itemprop=\"image\" itemscope=\"itemscope\" itemtype=\"https:\/\/schema.org\/ImageObject\" ><ul class='avia-slideshow-inner ' style='padding-bottom: 28.6666666667%;'><li  class='avia-slideshow-slide av-mizvtjeg-2771a9dd16bc6abe89c07c2550f5bf2c__0  av-single-slide slide-1 slide-odd'><div data-rel='slideshow-1' class='avia-slide-wrap '   ><img decoding=\"async\" fetchpriority=\"high\" class=\"wp-image-1476 avia-img-lazy-loading-not-1476\"  src=\"https:\/\/www.docpoint.ee\/test\/wp-content\/uploads\/2025\/12\/240202-Juho-Liukkonen-Annelin-Aika-3-1500x430.jpg\" width=\"1500\" height=\"430\" title='Annelin Aika' alt=''  itemprop=\"thumbnailUrl\"   \/><\/div><\/li><\/ul><\/div><\/div><div id='after_full_slider_1'  class='main_color av_default_container_wrap container_wrap sidebar_right'  ><div class='container av-section-cont-open' ><div class='template-page content  av-content-small alpha units'><div class='post-entry post-entry-type-page post-entry-2094'><div class='entry-content-wrapper clearfix'>\n<div  class='flex_column av-nug9-4718953427612389d8244c9f4ead4790 av_one_full  avia-builder-el-1  el_after_av_slideshow_full  avia-builder-el-no-sibling  first flex_column_div  '     ><section  class='av_textblock_section av-mizvsji1-a30f8b17109c151f0fc931789bc5a148 '   itemscope=\"itemscope\" itemtype=\"https:\/\/schema.org\/CreativeWork\" ><div class='avia_textblock'  itemprop=\"text\" ><h1><b>Tule mukaan talkoolaiseksi Suomen suurimmalle dokumenttielokuvafestivaalille!<\/b><\/h1>\n<\/div><\/section><br \/>\n<section  class='av_textblock_section av-mizvso8x-3c61090902e3d1aaf8a07d8f98648920 '   itemscope=\"itemscope\" itemtype=\"https:\/\/schema.org\/CreativeWork\" ><div class='avia_textblock'  itemprop=\"text\" ><p><span style=\"font-weight: 400;\">DocPoint \u2013Helsingin dokumenttielokuvafestivaali j\u00e4rjestet\u00e4\u00e4n <\/span><b>3.\u20138.2.2026<\/b><span style=\"font-weight: 400;\">. Festivaalin ohjelmistossa esitet\u00e4\u00e4n monipuolisesti taiteellisesti ja sis\u00e4ll\u00f6llisesti kunnianhimoista dokumenttielokuvaa. Vuonna 2026 esit\u00e4mme noin sata lyhytt\u00e4 ja pitk\u00e4\u00e4 dokumenttia useissa eri teattereissa ymp\u00e4ri Helsinki\u00e4.\u00a0<\/span><\/p>\n<h2><b>VAPAAEHTOISTEHT\u00c4V\u00c4T<\/b><\/h2>\n<p><b>26.12.2025:\u00a0<\/b>Haemme viel\u00e4 <strong>valo- ja videokuvaajia sek\u00e4 muutamaa kokenutta teatterivastaavaa<\/strong>. Jos n\u00e4m\u00e4 teht\u00e4v\u00e4t kiinnostavat, ole suoraan yhteydess\u00e4 viestitse vapaaehtoiskoordinaattori Riikka Haapaseen, riikka@docpoint.fi. Kerro viestiss\u00e4 lyhyesti, miksi haet n\u00e4it\u00e4 teht\u00e4vi\u00e4 ja oletko ollut DocPoint-festivaalilla aiemmin vapaaehtoisena.<\/p>\n<p>Muihin teht\u00e4viin olemme saaneet tarpeeksi hakemuksia. Kiitos l\u00e4mpim\u00e4sti kaikille hakeneille! K\u00e4sittelemme hakemuksia ja vastaamme jokaiselle hakeneelle.<\/p>\n<h2><b>VAPAAEHTOISTEN EDUT<\/b><\/h2>\n<p><span style=\"font-weight: 400;\">Toivomme talkoolaisten sitoutuvan 20 tuntiin. Vuorot ovat pituudeltaan noin 4\u20136 tuntia. Toivotamme my\u00f6s l\u00e4mpim\u00e4sti hakijoiksi kaikki, jotka haluavat kokeilla vapaaehtoisteht\u00e4vi\u00e4 esimerkiksi yhden vuoron verran.\u00a0<\/span><\/p>\n<p><span style=\"font-weight: 400;\">Palkkioksi vapaaehtoisteht\u00e4vist\u00e4 saat vuorojen m\u00e4\u00e4r\u00e4st\u00e4 ja teht\u00e4vist\u00e4 riippuen <\/span><b>festivaalipassin<\/b><span style=\"font-weight: 400;\"> (20 tuntia) ja\/tai <\/span><b>vapaalippuja<\/b><span style=\"font-weight: 400;\"> (alle 20 tuntia).\u00a0<\/span><\/p>\n<p><span style=\"font-weight: 400;\">Festivaalipassilla p\u00e4\u00e4set kaikkiin n\u00e4yt\u00f6ksiin, joissa on tilaa. Lis\u00e4ksi jokaista tehty\u00e4 5 tuntia kohden saat <\/span><b>ruokalipukkeen<\/b><span style=\"font-weight: 400;\"> kumppaniravintolaamme.\u00a0<\/span><\/p>\n<p><span style=\"font-weight: 400;\">Festivaalin j\u00e4lkeen j\u00e4rjest\u00e4mme kaikille vapaaehtoisille mahtavan karonkan. Kaikki halukkaat saavat my\u00f6s todistuksen vapaaehtoisty\u00f6st\u00e4.<\/span><\/p>\n<\/div><\/section><br \/>\n<div  class='togglecontainer av-mj78agxa-80343b2651a893109b1aaeb886cb7a9b  avia-builder-el-4  el_after_av_textblock  avia-builder-el-last  toggle_close_all' >\n<section class='av_toggle_section av-mj77nsqc-138172cbdf7f6c03188e29c51d0eb078'  itemscope=\"itemscope\" itemtype=\"https:\/\/schema.org\/CreativeWork\" ><div role=\"tablist\" class=\"single_toggle\" data-tags=\"{All} \"  ><p id='toggle-toggle-id-1' data-fake-id='#toggle-id-1' class='toggler  av-title-above '  itemprop=\"headline\"  role='tab' tabindex='0' aria-controls='toggle-id-1' data-slide-speed=\"200\" data-title=\"Vahtimestarit ja teatterivastaavat\" data-title-open=\"\" data-aria_collapsed=\"Click to expand: Vahtimestarit ja teatterivastaavat\" data-aria_expanded=\"Click to collapse: Vahtimestarit ja teatterivastaavat\">Vahtimestarit ja teatterivastaavat<span class=\"toggle_icon\"><span class=\"vert_icon\"><\/span><span class=\"hor_icon\"><\/span><\/span><\/p><div id='toggle-id-1' aria-labelledby='toggle-toggle-id-1' role='region' class='toggle_wrap  av-title-above'  ><div class='toggle_content invers-color '  itemprop=\"text\" ><p><span style=\"font-weight: 400;\">Vahtimestarit tarkastavat lippuja, neuvovat asiakkaita ja huolehtivat tilojen siisteydest\u00e4 teatterivastaavan johdolla. Teht\u00e4v\u00e4ss\u00e4 p\u00e4\u00e4set halutessasi my\u00f6s kokeilemaan elokuvan\u00e4yt\u00f6sten kuuluttamista! Vahtimestarity\u00f6 soveltuu kaikille ja kannustamme etenkin uusia talkoolaisia kokeilemaan teht\u00e4v\u00e4\u00e4.<\/span><\/p>\n<p><span style=\"font-weight: 400;\">Teatterivastaavat puolestaan perehdytt\u00e4v\u00e4t ja koordinoivat vahtimestareita ja varmistavat, ett\u00e4 kaikki sujuu aikataulussa. Teatterivastaavien teht\u00e4v\u00e4t ovat itsen\u00e4isempi\u00e4 ja vastuullisempia, joten teht\u00e4v\u00e4ss\u00e4 on hy\u00f6dyksi aiempi kokemus teatterivastaavuuden hoitamisesta tai esimerkiksi kokemus elokuvateatterissa ty\u00f6skentelyst\u00e4. Teatterivastaavat saavat festivaalipassin lis\u00e4ksi 4 vapaalippua.<\/span><\/p>\n<\/div><\/div><\/div><\/section>\n<section class='av_toggle_section av-mj77mfsf-a09be40bbee1e9a0c623635ec0f541ec'  itemscope=\"itemscope\" itemtype=\"https:\/\/schema.org\/CreativeWork\" ><div role=\"tablist\" class=\"single_toggle\" data-tags=\"{All} \"  ><p id='toggle-toggle-id-2' data-fake-id='#toggle-id-2' class='toggler  av-title-above '  itemprop=\"headline\"  role='tab' tabindex='0' aria-controls='toggle-id-2' data-slide-speed=\"200\" data-title=\"Asiakaspalvelu\" data-title-open=\"\" data-aria_collapsed=\"Click to expand: Asiakaspalvelu\" data-aria_expanded=\"Click to collapse: Asiakaspalvelu\">Asiakaspalvelu<span class=\"toggle_icon\"><span class=\"vert_icon\"><\/span><span class=\"hor_icon\"><\/span><\/span><\/p><div id='toggle-id-2' aria-labelledby='toggle-toggle-id-2' role='region' class='toggle_wrap  av-title-above'  ><div class='toggle_content invers-color '  itemprop=\"text\" ><p><span style=\"font-weight: 400;\">Bio Rex Lasipalatsissa ja Kinopalatsissa sijaitsevat asiakaspalvelupisteet palvelevat festivaaliyleis\u00f6\u00e4, vapaaehtoisia ja akkreditoituneita vieraita. Vapaaehtoiset ovat vuoroissa pareittain tai pieniss\u00e4 tiimeiss\u00e4. Teht\u00e4v\u00e4 sopii asiakaspalvelusta ja ihmiskohtaamisista nauttiville vapaaehtoisille.\u00a0<\/span><\/p>\n<p><span style=\"font-weight: 400;\">Teht\u00e4viin kuuluu yleisen asiakaspalvelun lis\u00e4ksi lipunmyynti\u00e4 ja mahdollisten oheistuotteiden myynti\u00e4. Lis\u00e4ksi Bio Rex Lasipalatsin pisteell\u00e4 akkreditoidaan talkoolaiset festivaalin aluksi.<\/span><\/p>\n<p><span style=\"font-weight: 400;\">Lipunmyyntikoordinaattori on aina tiimin tavoitettavissa. Koulutamme tiimin j\u00e4senet teht\u00e4viins\u00e4 ennen festivaalia. Mainitsethan hakemuksessasi, jos Eventio-kassaj\u00e4rjestelm\u00e4 on sinulle entuudestaan tuttu. <\/span><b>Huomioithan, ett\u00e4 k\u00e4yt\u00e4mme Eventiota suomeksi, joten teht\u00e4v\u00e4ss\u00e4 p\u00e4rj\u00e4\u00e4minen edellytt\u00e4\u00e4 sujuvaa suomen kielen osaamista.<\/b><span style=\"font-weight: 400;\"> Asiakaspalvelutiimiin valitut vapaaehtoiset saavat festivaalipassin lis\u00e4ksi 4 vapaalippua.<\/span><\/p>\n<\/div><\/div><\/div><\/section>\n<section class='av_toggle_section av-mj77z1ri-4ec65112ef8908b1d0af036cdedd3184'  itemscope=\"itemscope\" itemtype=\"https:\/\/schema.org\/CreativeWork\" ><div role=\"tablist\" class=\"single_toggle\" data-tags=\"{All} \"  ><p id='toggle-toggle-id-3' data-fake-id='#toggle-id-3' class='toggler  av-title-above '  itemprop=\"headline\"  role='tab' tabindex='0' aria-controls='toggle-id-3' data-slide-speed=\"200\" data-title=\" Jakelu\" data-title-open=\"\" data-aria_collapsed=\"Click to expand:  Jakelu\" data-aria_expanded=\"Click to collapse:  Jakelu\"> Jakelu<span class=\"toggle_icon\"><span class=\"vert_icon\"><\/span><span class=\"hor_icon\"><\/span><\/span><\/p><div id='toggle-id-3' aria-labelledby='toggle-toggle-id-3' role='region' class='toggle_wrap  av-title-above'  ><div class='toggle_content invers-color '  itemprop=\"text\" ><p><span style=\"font-weight: 400;\">Jakelutiimi jakaa festivaalin julisteet ja ohjelmavihot ennalta sovittuihin kohteisiin festivaalia edelt\u00e4vill\u00e4 viikoilla. Teht\u00e4v\u00e4 suoritetaan pareittain jalkaisin tai kuljetustiimin avustuksella. Teht\u00e4v\u00e4 sijoittuu p\u00e4\u00e4asiassa arkiaamuihin ja -iltap\u00e4iviin. Jakelua on mahdollista tehd\u00e4 my\u00f6s omatoimisesti muina aikoina. Varauduthan vuoroihisi s\u00e4\u00e4n mukaisella varustuksella. <\/span><\/p>\n<\/div><\/div><\/div><\/section>\n<section class='av_toggle_section av-mj77zr9n-8a51c8bdc01f8e8aaeb13599d169d1f5'  itemscope=\"itemscope\" itemtype=\"https:\/\/schema.org\/CreativeWork\" ><div role=\"tablist\" class=\"single_toggle\" data-tags=\"{All} \"  ><p id='toggle-toggle-id-4' data-fake-id='#toggle-id-4' class='toggler  av-title-above '  itemprop=\"headline\"  role='tab' tabindex='0' aria-controls='toggle-id-4' data-slide-speed=\"200\" data-title=\"Kuljettajat\" data-title-open=\"\" data-aria_collapsed=\"Click to expand: Kuljettajat\" data-aria_expanded=\"Click to collapse: Kuljettajat\">Kuljettajat<span class=\"toggle_icon\"><span class=\"vert_icon\"><\/span><span class=\"hor_icon\"><\/span><\/span><\/p><div id='toggle-id-4' aria-labelledby='toggle-toggle-id-4' role='region' class='toggle_wrap  av-title-above'  ><div class='toggle_content invers-color '  itemprop=\"text\" ><p><span style=\"font-weight: 400;\">Kuljettajat ovat festivaalin tuotanto- ja vierastiimin tukena festivaalin aikana: he kuljettavat tarvikkeita ja materiaaleja eri tapahtumapaikkojen v\u00e4lill\u00e4. Lis\u00e4ksi kuljetustiimill\u00e4 saattaa olla henkil\u00f6kuljetuksia festivaalin aikana. Kuljettajat voivat my\u00f6s osallistua ohjelmavihkojakeluun ja rakennukseen ennen festivaalia. <\/span><b>Teht\u00e4v\u00e4 edellytt\u00e4\u00e4 voimassa olevaa ajokorttia.<\/b><span style=\"font-weight: 400;\"> Festivaali j\u00e4rjest\u00e4\u00e4 auton.<\/span><\/p>\n<\/div><\/div><\/div><\/section>\n<section class='av_toggle_section av-mj780911-9d28bba3945af7cfff358b5d7eb1097f'  itemscope=\"itemscope\" itemtype=\"https:\/\/schema.org\/CreativeWork\" ><div role=\"tablist\" class=\"single_toggle\" data-tags=\"{All} \"  ><p id='toggle-toggle-id-5' data-fake-id='#toggle-id-5' class='toggler  av-title-above '  itemprop=\"headline\"  role='tab' tabindex='0' aria-controls='toggle-id-5' data-slide-speed=\"200\" data-title=\"Valo- ja videokuvaajat\" data-title-open=\"\" data-aria_collapsed=\"Click to expand: Valo- ja videokuvaajat\" data-aria_expanded=\"Click to collapse: Valo- ja videokuvaajat\">Valo- ja videokuvaajat<span class=\"toggle_icon\"><span class=\"vert_icon\"><\/span><span class=\"hor_icon\"><\/span><\/span><\/p><div id='toggle-id-5' aria-labelledby='toggle-toggle-id-5' role='region' class='toggle_wrap  av-title-above'  ><div class='toggle_content invers-color '  itemprop=\"text\" ><p><span style=\"font-weight: 400;\">Tarvitsemme lahjakkaita valo- ja videokuvaajia taltioimaan DocPointin festivaalitunnelmaa; vieraita, tapahtumia sek\u00e4 keskusteluja. Valo- ja videokuvaajat toimivat valokuvauskoordinaattorin johdolla, mutta my\u00f6s viestint\u00e4tiimi saattaa tilata materiaalia festivaalin aikana. <\/span><b>T\u00e4ss\u00e4 teht\u00e4v\u00e4ss\u00e4 tarvitset oman j\u00e4rjestelm\u00e4kameran tai videokameran sek\u00e4 editointiohjelman.<\/b><span style=\"font-weight: 400;\"> Lis\u00e4\u00e4th\u00e4n hakemukseen mukaan linkin portfolioosi. Kuvaajat saavat oman kaluston k\u00e4ytt\u00f6korvauksena vapaaehtoisetujen lis\u00e4ksi 4 vapaalippua.<\/span><\/p>\n<\/div><\/div><\/div><\/section>\n<section class='av_toggle_section av-mj780r6t-bc9c10ad8300ce28e2d154d1f72a59f2'  itemscope=\"itemscope\" itemtype=\"https:\/\/schema.org\/CreativeWork\" ><div role=\"tablist\" class=\"single_toggle\" data-tags=\"{All} \"  ><p id='toggle-toggle-id-6' data-fake-id='#toggle-id-6' class='toggler  av-title-above '  itemprop=\"headline\"  role='tab' tabindex='0' aria-controls='toggle-id-6' data-slide-speed=\"200\" data-title=\"Tapahtumatiimi\" data-title-open=\"\" data-aria_collapsed=\"Click to expand: Tapahtumatiimi\" data-aria_expanded=\"Click to collapse: Tapahtumatiimi\">Tapahtumatiimi<span class=\"toggle_icon\"><span class=\"vert_icon\"><\/span><span class=\"hor_icon\"><\/span><\/span><\/p><div id='toggle-id-6' aria-labelledby='toggle-toggle-id-6' role='region' class='toggle_wrap  av-title-above'  ><div class='toggle_content invers-color '  itemprop=\"text\" ><p><span style=\"font-weight: 400;\">Tapahtumatiimil\u00e4iset auttavat rakentamaan ja py\u00f6ritt\u00e4m\u00e4\u00e4n festivaalin oheistapahtumia, kuten keskustelutilaisuuksia ja erikoisn\u00e4yt\u00f6ksi\u00e4. DocPointin oma henkil\u00f6kunta ty\u00f6skentelee tiiviisti tiimin kanssa. <\/span><span style=\"font-weight: 400;\">Teht\u00e4viin kuuluu erilaisia avustavia teht\u00e4vi\u00e4, somistamista, asiakkaiden vastaanottamista sek\u00e4 juoksevia asioita. Tiimi soveltuu tapahtumatuotannosta kiinnostuneille vapaaehtoisille.<\/span><\/p>\n<\/div><\/div><\/div><\/section>\n<section class='av_toggle_section av-mj785bz1-e75d76479e41082d0a6affabc7f86428'  itemscope=\"itemscope\" itemtype=\"https:\/\/schema.org\/CreativeWork\" ><div role=\"tablist\" class=\"single_toggle\" data-tags=\"{All} \"  ><p id='toggle-toggle-id-7' data-fake-id='#toggle-id-7' class='toggler  av-title-above '  itemprop=\"headline\"  role='tab' tabindex='0' aria-controls='toggle-id-7' data-slide-speed=\"200\" data-title=\"Viestint\u00e4 ja sosiaalinen media\" data-title-open=\"\" data-aria_collapsed=\"Click to expand: Viestint\u00e4 ja sosiaalinen media\" data-aria_expanded=\"Click to collapse: Viestint\u00e4 ja sosiaalinen media\">Viestint\u00e4 ja sosiaalinen media<span class=\"toggle_icon\"><span class=\"vert_icon\"><\/span><span class=\"hor_icon\"><\/span><\/span><\/p><div id='toggle-id-7' aria-labelledby='toggle-toggle-id-7' role='region' class='toggle_wrap  av-title-above'  ><div class='toggle_content invers-color '  itemprop=\"text\" ><p><span style=\"font-weight: 400;\">Viestint\u00e4tiimi tuottaa p\u00e4\u00e4asiassa suomenkielist\u00e4 sis\u00e4lt\u00f6\u00e4 eri kanaviin, kuten festivaalin kotisivuille ja sosiaaliseen mediaan. Teht\u00e4viin saattaa kuulua haastattelujen, some-postausten tai kotisivutekstien laatimista. <\/span><b>Edellyt\u00e4mmekin sujuvaa kirjoitetun suomen kielen hallintaa.<\/b><span style=\"font-weight: 400;\"> Jos viihdyt sosiaalisen median alustoilla ja olet kiinnostunut erityisesti some-postauksista ja storyista, voit linkata meille n\u00e4ytteeksi esimerkiksi Instagram-tilisi. Viestint\u00e4tiimi ty\u00f6skentelee viestint\u00e4vastaavan ja viestint\u00e4koordinaattorin kanssa yhdess\u00e4 festivaalin toimistolta k\u00e4sin festivaaliviikolla, mutta my\u00f6s teattereille p\u00e4\u00e4see raportoimaan festivaalitunnelmasta. Et\u00e4n\u00e4 teht\u00e4vist\u00e4 teksteist\u00e4 ennen festivaalia sovitaan erikseen. <\/span><b>Teht\u00e4v\u00e4ss\u00e4 k\u00e4ytet\u00e4\u00e4n omia laitteita, eli otathan vuoroihin mukaan puhelimen ja l\u00e4pp\u00e4rin.<\/b><\/p>\n<\/div><\/div><\/div><\/section>\n<section class='av_toggle_section av-mj789ghc-a948febecc5f2c6c0d80c9ec62859caf'  itemscope=\"itemscope\" itemtype=\"https:\/\/schema.org\/CreativeWork\" ><div role=\"tablist\" class=\"single_toggle\" data-tags=\"{All} \"  ><p id='toggle-toggle-id-8' data-fake-id='#toggle-id-8' class='toggler  av-title-above '  itemprop=\"headline\"  role='tab' tabindex='0' aria-controls='toggle-id-8' data-slide-speed=\"200\" data-title=\"K\u00e4\u00e4nt\u00e4j\u00e4t\" data-title-open=\"\" data-aria_collapsed=\"Click to expand: K\u00e4\u00e4nt\u00e4j\u00e4t\" data-aria_expanded=\"Click to collapse: K\u00e4\u00e4nt\u00e4j\u00e4t\">K\u00e4\u00e4nt\u00e4j\u00e4t<span class=\"toggle_icon\"><span class=\"vert_icon\"><\/span><span class=\"hor_icon\"><\/span><\/span><\/p><div id='toggle-id-8' aria-labelledby='toggle-toggle-id-8' role='region' class='toggle_wrap  av-title-above'  ><div class='toggle_content invers-color '  itemprop=\"text\" ><p><span style=\"font-weight: 400;\">K\u00e4\u00e4nt\u00e4j\u00e4t toimivat osana viestint\u00e4tiimi\u00e4. K\u00e4\u00e4nt\u00e4jille on tarjolla teht\u00e4vi\u00e4 jo joulu-tammikuun aikana ennen festivaalia. <\/span><b>T\u00e4ss\u00e4 teht\u00e4v\u00e4ss\u00e4 edellyt\u00e4mme vapaaehtoisilta sujuvaa suomen kielen taitoa sek\u00e4 kokemusta vastaavista teht\u00e4vist\u00e4.<\/b><span style=\"font-weight: 400;\"> K\u00e4\u00e4nn\u00f6ksi\u00e4 tehd\u00e4\u00e4n suomesta englanniksi. Vapaaehtoiset k\u00e4\u00e4nt\u00e4v\u00e4t esimerkiksi vierasesittelyj\u00e4 ja tiedotteita. Kerrothan hakemuksella aiemmasta k\u00e4\u00e4nn\u00f6skokemuksestasi.<\/span><\/p>\n<\/div><\/div><\/div><\/section>\n<section class='av_toggle_section av-mj789yy6-ca5d4a8ab204cf223354f25f1583eae6'  itemscope=\"itemscope\" itemtype=\"https:\/\/schema.org\/CreativeWork\" ><div role=\"tablist\" class=\"single_toggle\" data-tags=\"{All} \"  ><p id='toggle-toggle-id-9' data-fake-id='#toggle-id-9' class='toggler  av-title-above '  itemprop=\"headline\"  role='tab' tabindex='0' aria-controls='toggle-id-9' data-slide-speed=\"200\" data-title=\"Tehotiimi\" data-title-open=\"\" data-aria_collapsed=\"Click to expand: Tehotiimi\" data-aria_expanded=\"Click to collapse: Tehotiimi\">Tehotiimi<span class=\"toggle_icon\"><span class=\"vert_icon\"><\/span><span class=\"hor_icon\"><\/span><\/span><\/p><div id='toggle-id-9' aria-labelledby='toggle-toggle-id-9' role='region' class='toggle_wrap  av-title-above'  ><div class='toggle_content invers-color '  itemprop=\"text\" ><p><span style=\"font-weight: 400;\">Tehotiimi on vapaaehtoisista koostuva tiimi, joka auttaa kulloinkin siell\u00e4, miss\u00e4 on eniten tarvetta. Teht\u00e4v\u00e4t sis\u00e4lt\u00e4v\u00e4t esimerkiksi toimistot\u00f6it\u00e4, somistusta, toisten vapaaehtoisten tuurauksia tai tauotuksia sek\u00e4 tavaratoimituksia. T\u00e4ss\u00e4 teht\u00e4v\u00e4ss\u00e4 jokainen vuoro on erilainen. Teht\u00e4v\u00e4 onkin oiva valinta niille, jotka nauttivat seikkailusta \u2013 teht\u00e4v\u00e4t selvi\u00e4v\u00e4t usein vasta vuoron alussa. Tehotiimil\u00e4iset p\u00e4\u00e4sev\u00e4t tapaamaan paljon uusia ihmisi\u00e4 ja tekem\u00e4\u00e4n monipuolisesti erilaisia vapaaehtoisteht\u00e4vi\u00e4 festivaalituotannossa.<\/span><\/p>\n<\/div><\/div><\/div><\/section>\n<section class='av_toggle_section av-mj78afmy-7e7a194f31c5bdde3a0a0f05491bc887'  itemscope=\"itemscope\" itemtype=\"https:\/\/schema.org\/CreativeWork\" ><div role=\"tablist\" class=\"single_toggle\" data-tags=\"{All} \"  ><p id='toggle-toggle-id-10' data-fake-id='#toggle-id-10' class='toggler  av-title-above '  itemprop=\"headline\"  role='tab' tabindex='0' aria-controls='toggle-id-10' data-slide-speed=\"200\" data-title=\"Host\" data-title-open=\"\" data-aria_collapsed=\"Click to expand: Host\" data-aria_expanded=\"Click to collapse: Host\">Host<span class=\"toggle_icon\"><span class=\"vert_icon\"><\/span><span class=\"hor_icon\"><\/span><\/span><\/p><div id='toggle-id-10' aria-labelledby='toggle-toggle-id-10' role='region' class='toggle_wrap  av-title-above'  ><div class='toggle_content invers-color '  itemprop=\"text\" ><p><span style=\"font-weight: 400;\">Kansainv\u00e4lisist\u00e4 tekij\u00e4vieraista huolehtii osaava host-tiimi festivaalin aikana. Host-teht\u00e4v\u00e4ss\u00e4 hy\u00f6dyksi ovat hyv\u00e4 paikallistuntemus, kielitaito ja kiinnostus elokuva-alaa kohtaan. Teht\u00e4v\u00e4 ei edellyt\u00e4 suomen kielen osaamista. Hostit saavat festivaalipassin lis\u00e4ksi 4 vapaalippua.<\/span><\/p>\n<\/div><\/div><\/div><\/section>\n<\/div><\/p><\/div>\n","protected":false},"excerpt":{"rendered":"","protected":false},"author":7,"featured_media":0,"parent":0,"menu_order":0,"comment_status":"closed","ping_status":"closed","template":"","meta":{"_acf_changed":false,"footnotes":""},"class_list":["post-2094","page","type-page","status-publish","hentry"],"acf":[],"_links":{"self":[{"href":"https:\/\/www.docpoint.ee\/test\/wp-json\/wp\/v2\/pages\/2094","targetHints":{"allow":["GET"]}}],"collection":[{"href":"https:\/\/www.docpoint.ee\/test\/wp-json\/wp\/v2\/pages"}],"about":[{"href":"https:\/\/www.docpoint.ee\/test\/wp-json\/wp\/v2\/types\/page"}],"author":[{"embeddable":true,"href":"https:\/\/www.docpoint.ee\/test\/wp-json\/wp\/v2\/users\/7"}],"replies":[{"embeddable":true,"href":"https:\/\/www.docpoint.ee\/test\/wp-json\/wp\/v2\/comments?post=2094"}],"version-history":[{"count":5,"href":"https:\/\/www.docpoint.ee\/test\/wp-json\/wp\/v2\/pages\/2094\/revisions"}],"predecessor-version":[{"id":2839,"href":"https:\/\/www.docpoint.ee\/test\/wp-json\/wp\/v2\/pages\/2094\/revisions\/2839"}],"wp:attachment":[{"href":"https:\/\/www.docpoint.ee\/test\/wp-json\/wp\/v2\/media?parent=2094"}],"curies":[{"name":"wp","href":"https:\/\/api.w.org\/{rel}","templated":true}]}}