{"id":173,"date":"2025-08-31T18:14:14","date_gmt":"2025-08-31T18:14:14","guid":{"rendered":"https:\/\/docpoint.fi\/?page_id=173"},"modified":"2025-11-26T14:54:30","modified_gmt":"2025-11-26T12:54:30","slug":"tietosuojaseloste","status":"publish","type":"page","link":"https:\/\/www.docpoint.ee\/test\/tietosuojaseloste\/","title":{"rendered":"Tietosuojaseloste"},"content":{"rendered":"<div  class='flex_column av-9xcbx-b6fc35dad33cde17416f1729e406be6e av_one_full  avia-builder-el-0  avia-builder-el-no-sibling  first flex_column_div  '     ><section  class='av_textblock_section av-mf00d3dl-ee0a78bd9f439c3230cb475f97528f09 '   itemscope=\"itemscope\" itemtype=\"https:\/\/schema.org\/CreativeWork\" ><div class='avia_textblock'  itemprop=\"text\" ><h3>Henkil\u00f6tietolain mukainen rekisteri- ja tietosuojaseloste<\/h3>\n<p>T\u00e4ss\u00e4 tietosuojaselosteessa on kuvattu, miten DocPoint-elokuvatapahtumat ry k\u00e4sittelee asiakkaiden ja verkkopalveluiden k\u00e4ytt\u00e4jien henkil\u00f6tietoja ja miten henkil\u00f6tietojen k\u00e4sittelyyn voi vaikuttaa. Henkil\u00f6tiedolla tarkoitetaan sellaista tietoa, josta yksitt\u00e4inen henkil\u00f6 on suoraan tai ep\u00e4suoraan tunnistettavissa. Noudatamme toiminnassamme soveltuvaa tietosuojalains\u00e4\u00e4d\u00e4nt\u00f6\u00e4. Rekisterinpit\u00e4j\u00e4 ja tietojen k\u00e4sittelij\u00e4 noudattavat toiminnassaan soveltuvaa tietosuojalains\u00e4\u00e4d\u00e4nt\u00f6\u00e4.<\/p>\n<h3>1. Rekisterinpit\u00e4j\u00e4<\/h3>\n<p>DocPoint-elokuvatapahtumat ry (1736848-5)<\/p>\n<p>Bulevardi 5 A 12, 00120 Helsinki, Suomi<\/p>\n<p><a href=\"mailto:info@docpoint.fi\">info@docpoint.fi<\/a><\/p>\n<p>docpointfestival.fi<\/p>\n<h3>2. Rekisteriasioita hoitava henkil\u00f6<\/h3>\n<p>Tuottaja<\/p>\n<p>Karoliina Virtanen<\/p>\n<p><a href=\"mailto:karoliina@docpoint.fi\">karoliina@docpoint.fi<\/a><\/p>\n<h3>3. Rekisterin nimi<\/h3>\n<p>Asiakas-, uutiskirje- akkreditointi- ja ilmoittautumisrekisteri.<\/p>\n<h3>4. Ker\u00e4tt\u00e4v\u00e4t henkil\u00f6tiedot<\/h3>\n<p>DocPoint-elokuvatapahtumat ry:n rekisteri sis\u00e4lt\u00e4\u00e4 yhteydenpidon ja toiminnan kannalta tarpeellisia tietoja. Rekisterinpit\u00e4j\u00e4 k\u00e4sittelee tietoja vain siin\u00e4 laajuudessa kuin se on k\u00e4ytt\u00f6tarkoituksen mukaisesti tarpeen. Tietoja ker\u00e4t\u00e4\u00e4n k\u00e4ytt\u00f6tarkoituksen mukaisesti ja niiden laajuus vaihtelee k\u00e4ytt\u00f6tarkoituksesta riippuen. Henkil\u00f6tietoja ovat nimi, s\u00e4hk\u00f6postiosoite, puhelinnumero, osoitetiedot, kielitiedot, syntym\u00e4aika, asuinmaa, organisaatiotiedot, suoramarkkinointi lupiin liittyvi\u00e4 tietoja, sek\u00e4 muita palveluiden edellytt\u00e4mi\u00e4 tietoja.<\/p>\n<p>Henkil\u00f6tietoja ker\u00e4t\u00e4\u00e4n ostaessa p\u00e4\u00e4sylippuja, ilmoittautuessa uutiskirjeen tilaajaksi, akkreditoituessa festivaalille, yhteisty\u00f6kumppanin Evention asiakasrekisterist\u00e4 sek\u00e4 ev\u00e4stetietoja ker\u00e4tess\u00e4.<\/p>\n<h3>5. Miten pitk\u00e4\u00e4n henkil\u00f6tietoja s\u00e4ilytet\u00e4\u00e4n?<\/h3>\n<p>Henkil\u00f6tietoja pidet\u00e4\u00e4n rekistereiss\u00e4 vain niin pitk\u00e4\u00e4n kuin on v\u00e4ltt\u00e4m\u00e4t\u00f6nt\u00e4 ja k\u00e4ytt\u00f6tarkoitus on t\u00e4ytetty. Vanhentuneet ja tarpeettomat tiedot h\u00e4vitet\u00e4\u00e4n asianmukaisella tavalla. Henkil\u00f6tiedot vied\u00e4\u00e4n rekisteriin siin\u00e4 muodossa, jossa rekister\u00f6it\u00e4v\u00e4 on ne antanut ja p\u00e4ivitykset tehd\u00e4\u00e4n rekister\u00f6idyn ohjeiden tai pyynn\u00f6n perusteella.<\/p>\n<h3>6. Miten k\u00e4yt\u00e4mme henkil\u00f6tietojasi ja kenelle luovutamme niit\u00e4?<\/h3>\n<p>Kolmansilla osapuolilla ei ole itsen\u00e4ist\u00e4 oikeutta k\u00e4ytt\u00e4\u00e4 meilt\u00e4 saamiaan tietoja toimeksiantoa laajempaan k\u00e4ytt\u00f6\u00f6n. Varmistamme, ett\u00e4 kaikki palveluntarjoajamme noudattavat tietosuojalains\u00e4\u00e4d\u00e4nt\u00f6\u00e4.<\/p>\n<p>Rekisterinpit\u00e4j\u00e4 k\u00e4ytt\u00e4\u00e4 lipunmyyntins\u00e4 toteuttamiseen Evention palveluita. Katso Rekisterinpit\u00e4j\u00e4n ja Evention tietosuojaseloste\u00a0<a href=\"https:\/\/tickets.docpointfestival.fi\/fi\/privacy\">t\u00e4\u00e4lt\u00e4<\/a>.<\/p>\n<p>K\u00e4yt\u00e4mme uutiskirjeiden ja tiedotteiden l\u00e4hett\u00e4miseen Mailchimpi\u00e4, jonne ker\u00e4\u00e4mme asiakkaiden s\u00e4hk\u00f6postiosoitteita. Mailchimp on Rekisterinpit\u00e4j\u00e4n yll\u00e4pit\u00e4m\u00e4n henkil\u00f6rekisterin k\u00e4sittelij\u00e4.<\/p>\n<p>Akkreditoituminen festivaalille, ilmoittautuminen tapahtumiin, rekrytoinnit ja vastaaminen kyselyihin tapahtuu Airtablen kautta. Airtable on Rekisterinpit\u00e4j\u00e4n yll\u00e4pit\u00e4m\u00e4n henkil\u00f6rekisterin k\u00e4sittelij\u00e4.<\/p>\n<p>DocPoint \u2013 Helsingin dokumenttielokuvafestivaalin elokuvien verkkokatselut tapahtuvat Eventiven kautta. DocPointin asiakas rekister\u00f6ityy Eventiven k\u00e4ytt\u00e4j\u00e4ksi.<\/p>\n<p>DocPoint \u2013 Helsingin dokumenttielokuvafestivaalilla on k\u00e4yt\u00f6ss\u00e4 Yhdysvalloissa sijaitseva Eventive-verkkoalusta, jota k\u00e4ytet\u00e4\u00e4n verkkokatseluiden ja verkkolippujen ostoon. Ostaessaan lipun j\u00e4rjestelm\u00e4n kautta asiakas antaa luvan tietojensa ker\u00e4\u00e4miseen Eventiven j\u00e4rjestelm\u00e4\u00e4n.<\/p>\n<p>Osassa k\u00e4sitelt\u00e4vi\u00e4 tietoja k\u00e4yt\u00e4mme palveluntarjoajaa, jolla voi olla p\u00e4\u00e4sy tietoihin EU\/EES-alueen ulkopuolelta, esimerkiksi USA:sta. Vastaamme siit\u00e4, ett\u00e4 tietojen siirto tapahtuu asianmukaisella ja lain edellytt\u00e4m\u00e4ll\u00e4 tavalla.<\/p>\n<h3>7. Miten suojaamme henkil\u00f6tietosi?<\/h3>\n<p>Rekisteri on s\u00e4hk\u00f6isess\u00e4 j\u00e4rjestelm\u00e4ss\u00e4 salasanasuojattuna. Rekisteriin on k\u00e4ytt\u00f6oikeus vain niill\u00e4 rekisterinpit\u00e4j\u00e4n palveluksessa olevilla tai rajatuilla rekisterinpit\u00e4j\u00e4\u00e4n sopimussuhteessa olevilla palveluntarjoajien ty\u00f6ntekij\u00f6ill\u00e4, jotka tarvitsevat tietoja teht\u00e4viss\u00e4\u00e4n. Heid\u00e4n ty\u00f6ntekij\u00e4ns\u00e4 ovat koulutettu k\u00e4ytt\u00e4m\u00e4\u00e4n tietoja asianmukaisesti ja asiakastietojen k\u00e4sittely vaatii salasanatunnistautumista. Rekisterin tietojen k\u00e4ytt\u00e4ji\u00e4 koskee salassapitovelvollisuus<\/p>\n<h3>8. Oikeutesi rekister\u00f6ityn\u00e4<\/h3>\n<p>Tietosuoja-asetus vahvistaa oikeuksiasi vaikuttaa henkil\u00f6tietojesi k\u00e4sittelyyn. P\u00e4\u00e4s\u00e4\u00e4nt\u00f6isesti pyynt\u00f6si toteutetaan 30 p\u00e4iv\u00e4n sis\u00e4ll\u00e4.<\/p>\n<p>Sinulla on rekister\u00f6ityn\u00e4 oikeus tarkastaa itse\u00e4si koskevat rekisteriin tallennetut tiedot sek\u00e4 oikeus niiden korjaamiseen ja poistamiseen. Sinulla on oikeus tietojen k\u00e4sittelyn rajoittamiseen ja k\u00e4sittelyn vastustamiseen sek\u00e4 oikeus kielt\u00e4\u00e4 suoramarkkinointi ja peruuttaa suostumuksesi.<\/p>\n<p>Mik\u00e4li haluat tarkistaa tallennetut tietosi, vaatia niihin t\u00e4ydennyst\u00e4\/korjausta tai pyyt\u00e4\u00e4 tietojesi poistamista rekisterist\u00e4, toimitathan pyynn\u00f6n kirjallisesti rekisterinpit\u00e4j\u00e4lle. Rekisterinpit\u00e4j\u00e4 voi pyyt\u00e4\u00e4 tarvittaessa pyynn\u00f6n esitt\u00e4j\u00e4\u00e4 todistamaan henkil\u00f6llisyytens\u00e4. Ota yhteytt\u00e4\u00a0<a href=\"mailto:karoliina@docpoint.fi\">karoliina@docpoint.fi<\/a>.<\/p>\n<p>Muista sinulle kuuluvista oikeuksista l\u00f6yd\u00e4t tietoa Tietosuojavaltuutetun sivulta:\u00a0<a href=\"https:\/\/tietosuoja.fi\/tunne-oikeutesi\">https:\/\/tietosuoja.fi\/tunne-oikeutesi<\/a><\/p>\n<h3>9. Muutokset selosteessa<\/h3>\n<p>Rekisterinpit\u00e4j\u00e4 pid\u00e4tt\u00e4\u00e4 oikeuden muuttaa t\u00e4t\u00e4 rekisteriselostetta.<\/p>\n<p>DocPoint-elokuvatapahtumat ry pyrkii kehitt\u00e4m\u00e4\u00e4n palveluitaan ja tarjoamaan uusia tapoja osallistua DocPointin tapahtumiin. T\u00e4st\u00e4 seuraa, ett\u00e4 my\u00f6s henkil\u00f6tietojen tallentamiseen ja k\u00e4ytt\u00f6\u00f6n saattaa tulla muutoksia. Silloin tietosuojak\u00e4yt\u00e4nt\u00f6j\u00e4 p\u00e4ivitet\u00e4\u00e4n. My\u00f6s tietosuojalains\u00e4\u00e4d\u00e4nn\u00f6n muutokset voivat asettaa tarpeita muuttaa t\u00e4t\u00e4 k\u00e4yt\u00e4nt\u00f6\u00e4 tai sen osia. Merkitt\u00e4vist\u00e4 muutoksista ilmoitamme k\u00e4ytt\u00e4j\u00e4lt\u00e4 saatuun s\u00e4hk\u00f6postiosoitteeseen. Pienemmist\u00e4 muutoksista ja tarkistuksista ilmoitamme t\u00e4ss\u00e4 selosteessa.<\/p>\n<\/div><\/section><\/div>\n","protected":false},"excerpt":{"rendered":"","protected":false},"author":2,"featured_media":0,"parent":0,"menu_order":0,"comment_status":"closed","ping_status":"closed","template":"","meta":{"_acf_changed":false,"footnotes":""},"class_list":["post-173","page","type-page","status-publish","hentry"],"acf":[],"_links":{"self":[{"href":"https:\/\/www.docpoint.ee\/test\/wp-json\/wp\/v2\/pages\/173","targetHints":{"allow":["GET"]}}],"collection":[{"href":"https:\/\/www.docpoint.ee\/test\/wp-json\/wp\/v2\/pages"}],"about":[{"href":"https:\/\/www.docpoint.ee\/test\/wp-json\/wp\/v2\/types\/page"}],"author":[{"embeddable":true,"href":"https:\/\/www.docpoint.ee\/test\/wp-json\/wp\/v2\/users\/2"}],"replies":[{"embeddable":true,"href":"https:\/\/www.docpoint.ee\/test\/wp-json\/wp\/v2\/comments?post=173"}],"version-history":[{"count":2,"href":"https:\/\/www.docpoint.ee\/test\/wp-json\/wp\/v2\/pages\/173\/revisions"}],"predecessor-version":[{"id":1294,"href":"https:\/\/www.docpoint.ee\/test\/wp-json\/wp\/v2\/pages\/173\/revisions\/1294"}],"wp:attachment":[{"href":"https:\/\/www.docpoint.ee\/test\/wp-json\/wp\/v2\/media?parent=173"}],"curies":[{"name":"wp","href":"https:\/\/api.w.org\/{rel}","templated":true}]}}