{"id":1474,"date":"2025-12-02T17:55:11","date_gmt":"2025-12-02T15:55:11","guid":{"rendered":"https:\/\/docpoint.fi\/?page_id=1474"},"modified":"2025-12-02T17:55:12","modified_gmt":"2025-12-02T15:55:12","slug":"vastuullisuus","status":"publish","type":"page","link":"https:\/\/www.docpoint.ee\/test\/vastuullisuus\/","title":{"rendered":"Vastuullisuus"},"content":{"rendered":"<div id='full_slider_1'  class='avia-fullwidth-slider main_color avia-shadow   avia-builder-el-0  el_before_av_textblock  avia-builder-el-first   container_wrap sidebar_right'  ><div  class='avia-slideshow av-miorejfd-bc3c2178ae0024b391f558808235cc7d avia-slideshow-featured av_slideshow_full avia-slide-slider av-slideshow-ui av-control-default av-slideshow-manual av-loop-once av-loop-manual-endless av-default-height-applied   avia-slideshow-1' data-slideshow-options=\"{&quot;animation&quot;:&quot;slide&quot;,&quot;autoplay&quot;:false,&quot;loop_autoplay&quot;:&quot;once&quot;,&quot;interval&quot;:5,&quot;loop_manual&quot;:&quot;manual-endless&quot;,&quot;autoplay_stopper&quot;:false,&quot;noNavigation&quot;:false,&quot;bg_slider&quot;:false,&quot;keep_padding&quot;:false,&quot;hoverpause&quot;:false,&quot;show_slide_delay&quot;:0}\"  itemprop=\"image\" itemscope=\"itemscope\" itemtype=\"https:\/\/schema.org\/ImageObject\" ><ul class='avia-slideshow-inner ' style='padding-bottom: 28.6666666667%;'><li  class='avia-slideshow-slide av-miorejfd-bc3c2178ae0024b391f558808235cc7d__0  av-single-slide slide-1 slide-odd'><div data-rel='slideshow-1' class='avia-slide-wrap '   ><img decoding=\"async\" fetchpriority=\"high\" class=\"wp-image-1476 avia-img-lazy-loading-not-1476\"  src=\"https:\/\/www.docpoint.ee\/test\/wp-content\/uploads\/2025\/12\/240202-Juho-Liukkonen-Annelin-Aika-3-1500x430.jpg\" width=\"1500\" height=\"430\" title='Annelin Aika' alt=''  itemprop=\"thumbnailUrl\"   \/><\/div><\/li><\/ul><\/div><\/div><div id='after_full_slider_1'  class='main_color av_default_container_wrap container_wrap sidebar_right'  ><div class='container av-section-cont-open' ><div class='template-page content  av-content-small alpha units'><div class='post-entry post-entry-type-page post-entry-1474'><div class='entry-content-wrapper clearfix'>\n<section  class='av_textblock_section av-miorcp74-8d9fb834d2dfae04af966ed6b7791b28 '   itemscope=\"itemscope\" itemtype=\"https:\/\/schema.org\/CreativeWork\" ><div class='avia_textblock'  itemprop=\"text\" ><h1>Vastuullisuus<\/h1>\n<p><strong>YMP\u00c4RIST\u00d6TY\u00d6<\/strong><\/p>\n<p>DocPointin ymp\u00e4rist\u00f6strategiassa linjataan yhdistyksen tavoitteet ja toimenpiteet siten, ett\u00e4 yhdistyksen toiminta on ymp\u00e4rist\u00f6\u00e4 mahdollisimman v\u00e4h\u00e4n kuormittavaa ja toisaalta ymp\u00e4rist\u00f6n tilaa edist\u00e4v\u00e4\u00e4. Sitoudumme tekem\u00e4\u00e4n osamme ilmastokriisin hillitsemisess\u00e4 sek\u00e4 pienent\u00e4m\u00e4\u00e4n hiilijalanj\u00e4lke\u00e4mme. Pyrimme etsim\u00e4\u00e4n lis\u00e4resursseja vastuullisemman toiminnan kehitt\u00e4miseen.<\/p>\n<p>DocPoint haluaa toimia vastuullisesti ja ymp\u00e4rist\u00f6\u00e4 kunnioittavasti.<\/p>\n<p><strong>TAVOITTEET<\/strong><\/p>\n<p>Strategian tavoitteena on edist\u00e4\u00e4 vastuullisuutta, v\u00e4hent\u00e4\u00e4 hiilijalanj\u00e4lke\u00e4 ja k\u00e4ytt\u00e4\u00e4 resursseja tehokkaasti festivaalin mahdollisuuksiin soveltuvilla, k\u00e4yt\u00e4nn\u00f6nl\u00e4heisill\u00e4 ratkaisuilla.<\/p>\n<p>Yhdistys noudattaa kaikkia sit\u00e4 koskevia ymp\u00e4rist\u00f6\u00f6n, terveyteen, turvallisuuteen ja ty\u00f6voimaan liittyvi\u00e4 kansainv\u00e4lisi\u00e4, kansallisia ja paikallisia sopimuksia, lakeja ja muita s\u00e4\u00e4nn\u00f6ksi\u00e4.<\/p>\n<p><strong>Tavoitteemme:<\/strong><\/p>\n<p>DocPointin ymp\u00e4rist\u00f6strategian keskeisen\u00e4 tavoitteena on yhdistyksen oman hiilijalanj\u00e4ljen pienent\u00e4minen. Tarkastelemme strategiaa vuosittain ja p\u00e4ivit\u00e4mme sit\u00e4 ajantasaisimman tiedon mukaan.<\/p>\n<p>Tavoitteenamme on muuttaa toimintakulttuuriamme siten, ett\u00e4 otamme ymp\u00e4rist\u00f6vaikutukset huomioon kaikessa toiminnassa ja pyrimme toimimaan ymp\u00e4rist\u00f6\u00e4 kunnioittavalla tavalla niin hankintojen, ohjelmistovalintojen kuin matkustamisen osalta.<\/p>\n<p>Lis\u00e4ksi kiinnit\u00e4mme huomiota l\u00e4pin\u00e4kyv\u00e4\u00e4n viestint\u00e4\u00e4n: sis\u00e4llyt\u00e4mme ymp\u00e4rist\u00f6stategian ty\u00f6ntekij\u00f6iden perehdytykseen, painotamme k\u00e4vij\u00f6ille ja yhteisty\u00f6kumppaneille arvomaailmaamme sek\u00e4 tiedotamme yleis\u00f6lle linjauksistamme.<\/p>\n<\/div><\/section>\n","protected":false},"excerpt":{"rendered":"","protected":false},"author":6,"featured_media":0,"parent":0,"menu_order":0,"comment_status":"closed","ping_status":"closed","template":"","meta":{"_acf_changed":false,"footnotes":""},"class_list":["post-1474","page","type-page","status-publish","hentry"],"acf":[],"_links":{"self":[{"href":"https:\/\/www.docpoint.ee\/test\/wp-json\/wp\/v2\/pages\/1474","targetHints":{"allow":["GET"]}}],"collection":[{"href":"https:\/\/www.docpoint.ee\/test\/wp-json\/wp\/v2\/pages"}],"about":[{"href":"https:\/\/www.docpoint.ee\/test\/wp-json\/wp\/v2\/types\/page"}],"author":[{"embeddable":true,"href":"https:\/\/www.docpoint.ee\/test\/wp-json\/wp\/v2\/users\/6"}],"replies":[{"embeddable":true,"href":"https:\/\/www.docpoint.ee\/test\/wp-json\/wp\/v2\/comments?post=1474"}],"version-history":[{"count":1,"href":"https:\/\/www.docpoint.ee\/test\/wp-json\/wp\/v2\/pages\/1474\/revisions"}],"predecessor-version":[{"id":1477,"href":"https:\/\/www.docpoint.ee\/test\/wp-json\/wp\/v2\/pages\/1474\/revisions\/1477"}],"wp:attachment":[{"href":"https:\/\/www.docpoint.ee\/test\/wp-json\/wp\/v2\/media?parent=1474"}],"curies":[{"name":"wp","href":"https:\/\/api.w.org\/{rel}","templated":true}]}}