{"id":1370,"date":"2025-11-26T16:21:08","date_gmt":"2025-11-26T14:21:08","guid":{"rendered":"https:\/\/docpoint.fi\/?page_id=1370"},"modified":"2025-12-02T17:29:52","modified_gmt":"2025-12-02T15:29:52","slug":"festarilehti","status":"publish","type":"page","link":"https:\/\/www.docpoint.ee\/test\/festarilehti\/","title":{"rendered":"Festarilehti"},"content":{"rendered":"<div id='full_slider_1'  class='avia-fullwidth-slider main_color avia-shadow   avia-builder-el-0  el_before_av_textblock  avia-builder-el-first   container_wrap sidebar_right'  ><div  class='avia-slideshow av-mioqgs9a-e0952481c8b13c18f0b0808b245627f9 avia-slideshow-featured av_slideshow_full avia-slide-slider av-slideshow-ui av-control-default av-slideshow-manual av-loop-once av-loop-manual-endless av-default-height-applied   avia-slideshow-1' data-slideshow-options=\"{&quot;animation&quot;:&quot;slide&quot;,&quot;autoplay&quot;:false,&quot;loop_autoplay&quot;:&quot;once&quot;,&quot;interval&quot;:5,&quot;loop_manual&quot;:&quot;manual-endless&quot;,&quot;autoplay_stopper&quot;:false,&quot;noNavigation&quot;:false,&quot;bg_slider&quot;:false,&quot;keep_padding&quot;:false,&quot;hoverpause&quot;:false,&quot;show_slide_delay&quot;:0}\"  itemprop=\"image\" itemscope=\"itemscope\" itemtype=\"https:\/\/schema.org\/ImageObject\" ><ul class='avia-slideshow-inner ' style='padding-bottom: 28.6666666667%;'><li  class='avia-slideshow-slide av-mioqgs9a-e0952481c8b13c18f0b0808b245627f9__0  av-single-slide slide-1 slide-odd'><div data-rel='slideshow-1' class='avia-slide-wrap '   ><img decoding=\"async\" fetchpriority=\"high\" class=\"wp-image-1450 avia-img-lazy-loading-not-1450\"  src=\"https:\/\/www.docpoint.ee\/test\/wp-content\/uploads\/2025\/12\/27012020_docpoint_avajaiset_marimur_5-1500x430.jpg\" width=\"1500\" height=\"430\" title='27012020_docpoint_avajaiset_marimur_5' alt=''  itemprop=\"thumbnailUrl\"   \/><\/div><\/li><\/ul><\/div><\/div><div id='after_full_slider_1'  class='main_color av_default_container_wrap container_wrap sidebar_right'  ><div class='container av-section-cont-open' ><div class='template-page content  av-content-small alpha units'><div class='post-entry post-entry-type-page post-entry-1370'><div class='entry-content-wrapper clearfix'>\n<section  class='av_textblock_section av-mioqhmni-871382a67c4a9c0d44b50a084d50571a '   itemscope=\"itemscope\" itemtype=\"https:\/\/schema.org\/CreativeWork\" ><div class='avia_textblock'  itemprop=\"text\" ><h1>Festarilehti<\/h1>\n<\/div><\/section>\n<div  data-slideshow-options=\"{&quot;animation&quot;:&quot;fade&quot;,&quot;autoplay&quot;:false,&quot;loop_autoplay&quot;:&quot;once&quot;,&quot;interval&quot;:5,&quot;loop_manual&quot;:&quot;manual-endless&quot;,&quot;autoplay_stopper&quot;:false,&quot;noNavigation&quot;:false,&quot;show_slide_delay&quot;:90}\" class='avia-content-slider avia-content-grid-active avia-content-slider1 avia-content-slider-odd  avia-builder-el-2  el_after_av_textblock  avia-builder-el-last  av-slideshow-ui av-control-default   av-no-slider-navigation av-slideshow-manual av-loop-once av-loop-manual-endless '  itemscope=\"itemscope\" itemtype=\"https:\/\/schema.org\/Blog\" ><div class=\"avia-content-slider-inner\"><div class=\"slide-entry-wrap\"><article class='slide-entry flex_column  post-entry post-entry-1354 slide-entry-overview slide-loop-1 slide-parity-odd  av_one_third first real-thumbnail posttype-post post-format-standard'  itemscope=\"itemscope\" itemtype=\"https:\/\/schema.org\/CreativeWork\" ><a href='https:\/\/www.docpoint.ee\/test\/festarilehti\/tunnelmia-docpointin-palkintogaalasta\/' data-rel='slide-1' class='slide-image' title='Tunnelmia DocPointin palkintogaalasta'><img decoding=\"async\" fetchpriority=\"high\" width=\"495\" height=\"400\" src=\"https:\/\/www.docpoint.ee\/test\/wp-content\/uploads\/2025\/02\/080225_Roope_Hartikainen_award_ceremony_0002-scaled-1-495x400.jpg\" class=\"wp-image-1356 avia-img-lazy-loading-not-1356 attachment-portfolio size-portfolio wp-post-image\" alt=\"\" srcset=\"https:\/\/www.docpoint.ee\/test\/wp-content\/uploads\/2025\/02\/080225_Roope_Hartikainen_award_ceremony_0002-scaled-1-495x400.jpg 495w, https:\/\/www.docpoint.ee\/test\/wp-content\/uploads\/2025\/02\/080225_Roope_Hartikainen_award_ceremony_0002-scaled-1-845x684.jpg 845w\" sizes=\"(max-width: 495px) 100vw, 495px\" \/><\/a><div class=\"slide-content\"><header class=\"entry-content-header\" aria-label=\"Slide: Tunnelmia DocPointin palkintogaalasta\"><h3 class='slide-entry-title entry-title '  itemprop=\"headline\" ><a href='https:\/\/www.docpoint.ee\/test\/festarilehti\/tunnelmia-docpointin-palkintogaalasta\/' title='Tunnelmia DocPointin palkintogaalasta'>Tunnelmia DocPointin palkintogaalasta<\/a><\/h3><span class=\"av-vertical-delimiter\"><\/span><\/header><div class=\"slide-meta\"><time class='slide-meta-time updated'  itemprop=\"datePublished\" datetime=\"2025-02-09T16:07:00+02:00\" >09.02.2025<\/time><\/div><div class='slide-entry-excerpt entry-content'  itemprop=\"text\" >\nFestivaalilauantaina DocPointissa kokoonnuttiin festivaalikeskukseen\u2026<\/div><\/div><footer class=\"entry-footer\"><\/footer><span class='hidden'>\n\t\t\t\t<span class='av-structured-data'  itemprop=\"image\" itemscope=\"itemscope\" itemtype=\"https:\/\/schema.org\/ImageObject\" >\n\t\t\t\t\t\t<span itemprop='url'>https:\/\/www.docpoint.ee\/test\/wp-content\/uploads\/2025\/02\/080225_Roope_Hartikainen_award_ceremony_0002-scaled-1.jpg<\/span>\n\t\t\t\t\t\t<span itemprop='height'>1280<\/span>\n\t\t\t\t\t\t<span itemprop='width'>1920<\/span>\n\t\t\t\t<\/span>\n\t\t\t\t<span class='av-structured-data'  itemprop=\"publisher\" itemtype=\"https:\/\/schema.org\/Organization\" itemscope=\"itemscope\" >\n\t\t\t\t\t\t<span itemprop='name'><\/span>\n\t\t\t\t\t\t<span itemprop='logo' itemscope itemtype='https:\/\/schema.org\/ImageObject'>\n\t\t\t\t\t\t\t<span itemprop='url'>https:\/\/docpoint.ee\/dev\/wp-content\/uploads\/2026\/01\/logo_gray-300x155.png<\/span>\n\t\t\t\t\t\t<\/span>\n\t\t\t\t<\/span><span class='av-structured-data'  itemprop=\"author\" itemscope=\"itemscope\" itemtype=\"https:\/\/schema.org\/Person\" ><span itemprop='name'><\/span><\/span><span class='av-structured-data'  itemprop=\"datePublished\" datetime=\"2025-11-26T16:21:08+02:00\" >2025-02-09 16:07:00<\/span><span class='av-structured-data'  itemprop=\"dateModified\" itemtype=\"https:\/\/schema.org\/dateModified\" >2025-11-26 16:09:20<\/span><span class='av-structured-data'  itemprop=\"mainEntityOfPage\" itemtype=\"https:\/\/schema.org\/mainEntityOfPage\" ><span itemprop='name'>Tunnelmia DocPointin palkintogaalasta<\/span><\/span><\/span><\/article><article class='slide-entry flex_column  post-entry post-entry-1358 slide-entry-overview slide-loop-2 slide-parity-even  av_one_third  real-thumbnail posttype-post post-format-standard'  itemscope=\"itemscope\" itemtype=\"https:\/\/schema.org\/CreativeWork\" ><a href='https:\/\/www.docpoint.ee\/test\/festarilehti\/yhteiso-festarikulissien-takana-vapaaehtoiset-mahdollistavat-docpointin\/' data-rel='slide-1' class='slide-image' title='Yhteis\u00f6 festarikulissien takana \u2013 Vapaaehtoiset mahdollistavat DocPointin\u00a0'><img decoding=\"async\" fetchpriority=\"high\" width=\"495\" height=\"400\" src=\"https:\/\/www.docpoint.ee\/test\/wp-content\/uploads\/2025\/11\/250207-alejandro-ramirez-general-atmosphere-12-scaled-e1739030405517-495x400.jpg\" class=\"wp-image-1365 avia-img-lazy-loading-not-1365 attachment-portfolio size-portfolio wp-post-image\" alt=\"\" srcset=\"https:\/\/www.docpoint.ee\/test\/wp-content\/uploads\/2025\/11\/250207-alejandro-ramirez-general-atmosphere-12-scaled-e1739030405517-495x400.jpg 495w, https:\/\/www.docpoint.ee\/test\/wp-content\/uploads\/2025\/11\/250207-alejandro-ramirez-general-atmosphere-12-scaled-e1739030405517-845x684.jpg 845w\" sizes=\"(max-width: 495px) 100vw, 495px\" \/><\/a><div class=\"slide-content\"><header class=\"entry-content-header\" aria-label=\"Slide: Yhteis\u00f6 festarikulissien takana \u2013 Vapaaehtoiset mahdollistavat DocPointin\u00a0\"><h3 class='slide-entry-title entry-title '  itemprop=\"headline\" ><a href='https:\/\/www.docpoint.ee\/test\/festarilehti\/yhteiso-festarikulissien-takana-vapaaehtoiset-mahdollistavat-docpointin\/' title='Yhteis\u00f6 festarikulissien takana \u2013 Vapaaehtoiset mahdollistavat DocPointin\u00a0'>Yhteis\u00f6 festarikulissien takana \u2013 Vapaaehtoiset mahdollistavat DocPointin\u00a0<\/a><\/h3><span class=\"av-vertical-delimiter\"><\/span><\/header><div class=\"slide-meta\"><time class='slide-meta-time updated'  itemprop=\"datePublished\" datetime=\"2025-02-08T16:11:00+02:00\" >08.02.2025<\/time><\/div><div class='slide-entry-excerpt entry-content'  itemprop=\"text\" >\nDocPoint-dokumenttielokuvafestivaali houkutteli t\u00e4n\u00e4 vuonna\u2026<\/div><\/div><footer class=\"entry-footer\"><\/footer><span class='hidden'>\n\t\t\t\t<span class='av-structured-data'  itemprop=\"image\" itemscope=\"itemscope\" itemtype=\"https:\/\/schema.org\/ImageObject\" >\n\t\t\t\t\t\t<span itemprop='url'>https:\/\/www.docpoint.ee\/test\/wp-content\/uploads\/2025\/11\/250207-alejandro-ramirez-general-atmosphere-12-scaled-e1739030405517.jpg<\/span>\n\t\t\t\t\t\t<span itemprop='height'>950<\/span>\n\t\t\t\t\t\t<span itemprop='width'>1450<\/span>\n\t\t\t\t<\/span>\n\t\t\t\t<span class='av-structured-data'  itemprop=\"publisher\" itemtype=\"https:\/\/schema.org\/Organization\" itemscope=\"itemscope\" >\n\t\t\t\t\t\t<span itemprop='name'><\/span>\n\t\t\t\t\t\t<span itemprop='logo' itemscope itemtype='https:\/\/schema.org\/ImageObject'>\n\t\t\t\t\t\t\t<span itemprop='url'>https:\/\/docpoint.ee\/dev\/wp-content\/uploads\/2026\/01\/logo_gray-300x155.png<\/span>\n\t\t\t\t\t\t<\/span>\n\t\t\t\t<\/span><span class='av-structured-data'  itemprop=\"author\" itemscope=\"itemscope\" itemtype=\"https:\/\/schema.org\/Person\" ><span itemprop='name'><\/span><\/span><span class='av-structured-data'  itemprop=\"datePublished\" datetime=\"2025-11-26T16:21:08+02:00\" >2025-02-08 16:11:00<\/span><span class='av-structured-data'  itemprop=\"dateModified\" itemtype=\"https:\/\/schema.org\/dateModified\" >2025-11-26 16:15:39<\/span><span class='av-structured-data'  itemprop=\"mainEntityOfPage\" itemtype=\"https:\/\/schema.org\/mainEntityOfPage\" ><span itemprop='name'>Yhteis\u00f6 festarikulissien takana \u2013 Vapaaehtoiset mahdollistavat DocPointin\u00a0<\/span><\/span><\/span><\/article><article class='slide-entry flex_column  post-entry post-entry-1367 slide-entry-overview slide-loop-3 slide-parity-odd  av_one_third  real-thumbnail posttype-post post-format-standard'  itemscope=\"itemscope\" itemtype=\"https:\/\/schema.org\/CreativeWork\" ><a href='https:\/\/www.docpoint.ee\/test\/festarilehti\/kansainvaliset-tuomaristot-valitsevat-docpointin-kilpasarjojen-voittajat\/' data-rel='slide-1' class='slide-image' title='Kansainv\u00e4liset tuomaristot valitsevat DocPointin kilpasarjojen voittajat'><img decoding=\"async\" fetchpriority=\"high\" width=\"495\" height=\"400\" src=\"https:\/\/www.docpoint.ee\/test\/wp-content\/uploads\/2025\/11\/jurykollaasi-nettisivuille-495x400.png\" class=\"wp-image-1368 avia-img-lazy-loading-not-1368 attachment-portfolio size-portfolio wp-post-image\" alt=\"\" srcset=\"https:\/\/www.docpoint.ee\/test\/wp-content\/uploads\/2025\/11\/jurykollaasi-nettisivuille-495x400.png 495w, https:\/\/www.docpoint.ee\/test\/wp-content\/uploads\/2025\/11\/jurykollaasi-nettisivuille-845x684.png 845w\" sizes=\"(max-width: 495px) 100vw, 495px\" \/><\/a><div class=\"slide-content\"><header class=\"entry-content-header\" aria-label=\"Slide: Kansainv\u00e4liset tuomaristot valitsevat DocPointin kilpasarjojen voittajat\"><h3 class='slide-entry-title entry-title '  itemprop=\"headline\" ><a href='https:\/\/www.docpoint.ee\/test\/festarilehti\/kansainvaliset-tuomaristot-valitsevat-docpointin-kilpasarjojen-voittajat\/' title='Kansainv\u00e4liset tuomaristot valitsevat DocPointin kilpasarjojen voittajat'>Kansainv\u00e4liset tuomaristot valitsevat DocPointin kilpasarjojen voittajat<\/a><\/h3><span class=\"av-vertical-delimiter\"><\/span><\/header><div class=\"slide-meta\"><time class='slide-meta-time updated'  itemprop=\"datePublished\" datetime=\"2025-02-08T14:17:00+02:00\" >08.02.2025<\/time><\/div><div class='slide-entry-excerpt entry-content'  itemprop=\"text\" >\nDocPoint-festivaali palkitsee festivaalilauantaina kilpasarjojen\u2026<\/div><\/div><footer class=\"entry-footer\"><\/footer><span class='hidden'>\n\t\t\t\t<span class='av-structured-data'  itemprop=\"image\" itemscope=\"itemscope\" itemtype=\"https:\/\/schema.org\/ImageObject\" >\n\t\t\t\t\t\t<span itemprop='url'>https:\/\/www.docpoint.ee\/test\/wp-content\/uploads\/2025\/11\/jurykollaasi-nettisivuille.png<\/span>\n\t\t\t\t\t\t<span itemprop='height'>1080<\/span>\n\t\t\t\t\t\t<span itemprop='width'>1920<\/span>\n\t\t\t\t<\/span>\n\t\t\t\t<span class='av-structured-data'  itemprop=\"publisher\" itemtype=\"https:\/\/schema.org\/Organization\" itemscope=\"itemscope\" >\n\t\t\t\t\t\t<span itemprop='name'><\/span>\n\t\t\t\t\t\t<span itemprop='logo' itemscope itemtype='https:\/\/schema.org\/ImageObject'>\n\t\t\t\t\t\t\t<span itemprop='url'>https:\/\/docpoint.ee\/dev\/wp-content\/uploads\/2026\/01\/logo_gray-300x155.png<\/span>\n\t\t\t\t\t\t<\/span>\n\t\t\t\t<\/span><span class='av-structured-data'  itemprop=\"author\" itemscope=\"itemscope\" itemtype=\"https:\/\/schema.org\/Person\" ><span itemprop='name'><\/span><\/span><span class='av-structured-data'  itemprop=\"datePublished\" datetime=\"2025-11-26T16:21:08+02:00\" >2025-02-08 14:17:00<\/span><span class='av-structured-data'  itemprop=\"dateModified\" itemtype=\"https:\/\/schema.org\/dateModified\" >2025-11-26 16:18:44<\/span><span class='av-structured-data'  itemprop=\"mainEntityOfPage\" itemtype=\"https:\/\/schema.org\/mainEntityOfPage\" ><span itemprop='name'>Kansainv\u00e4liset tuomaristot valitsevat DocPointin kilpasarjojen voittajat<\/span><\/span><\/span><\/article><\/div><div class=\"slide-entry-wrap\"><article class='slide-entry flex_column  post-entry post-entry-1687 slide-entry-overview slide-loop-4 slide-parity-odd  av_one_third first real-thumbnail posttype-post post-format-standard'  itemscope=\"itemscope\" itemtype=\"https:\/\/schema.org\/CreativeWork\" ><a href='https:\/\/www.docpoint.ee\/test\/festarilehti\/ohjelmajohtaja-inka-achten-avajaispuhe\/' data-rel='slide-1' class='slide-image' title='Ohjelmajohtaja Inka Acht\u00e9n avajaispuhe'><img decoding=\"async\" fetchpriority=\"high\" width=\"495\" height=\"400\" src=\"https:\/\/www.docpoint.ee\/test\/wp-content\/uploads\/2025\/12\/250204_Sami_Sorasalmi_Opening_seremony_Inka_web-1-scaled-1-495x400.jpg\" class=\"wp-image-1686 avia-img-lazy-loading-not-1686 attachment-portfolio size-portfolio wp-post-image\" alt=\"\" srcset=\"https:\/\/www.docpoint.ee\/test\/wp-content\/uploads\/2025\/12\/250204_Sami_Sorasalmi_Opening_seremony_Inka_web-1-scaled-1-495x400.jpg 495w, https:\/\/www.docpoint.ee\/test\/wp-content\/uploads\/2025\/12\/250204_Sami_Sorasalmi_Opening_seremony_Inka_web-1-scaled-1-845x684.jpg 845w\" sizes=\"(max-width: 495px) 100vw, 495px\" \/><\/a><div class=\"slide-content\"><header class=\"entry-content-header\" aria-label=\"Slide: Ohjelmajohtaja Inka Acht\u00e9n avajaispuhe\"><h3 class='slide-entry-title entry-title '  itemprop=\"headline\" ><a href='https:\/\/www.docpoint.ee\/test\/festarilehti\/ohjelmajohtaja-inka-achten-avajaispuhe\/' title='Ohjelmajohtaja Inka Acht\u00e9n avajaispuhe'>Ohjelmajohtaja Inka Acht\u00e9n avajaispuhe<\/a><\/h3><span class=\"av-vertical-delimiter\"><\/span><\/header><div class=\"slide-meta\"><time class='slide-meta-time updated'  itemprop=\"datePublished\" datetime=\"2025-02-04T22:34:00+02:00\" >04.02.2025<\/time><\/div><div class='slide-entry-excerpt entry-content'  itemprop=\"text\" >\nDocPoint 2025 alkoi tiistaina 4. helmikuuta t\u00e4yden katsomon\u2026<\/div><\/div><footer class=\"entry-footer\"><\/footer><span class='hidden'>\n\t\t\t\t<span class='av-structured-data'  itemprop=\"image\" itemscope=\"itemscope\" itemtype=\"https:\/\/schema.org\/ImageObject\" >\n\t\t\t\t\t\t<span itemprop='url'>https:\/\/www.docpoint.ee\/test\/wp-content\/uploads\/2025\/12\/250204_Sami_Sorasalmi_Opening_seremony_Inka_web-1-scaled-1.jpg<\/span>\n\t\t\t\t\t\t<span itemprop='height'>1281<\/span>\n\t\t\t\t\t\t<span itemprop='width'>1920<\/span>\n\t\t\t\t<\/span>\n\t\t\t\t<span class='av-structured-data'  itemprop=\"publisher\" itemtype=\"https:\/\/schema.org\/Organization\" itemscope=\"itemscope\" >\n\t\t\t\t\t\t<span itemprop='name'><\/span>\n\t\t\t\t\t\t<span itemprop='logo' itemscope itemtype='https:\/\/schema.org\/ImageObject'>\n\t\t\t\t\t\t\t<span itemprop='url'>https:\/\/docpoint.ee\/dev\/wp-content\/uploads\/2026\/01\/logo_gray-300x155.png<\/span>\n\t\t\t\t\t\t<\/span>\n\t\t\t\t<\/span><span class='av-structured-data'  itemprop=\"author\" itemscope=\"itemscope\" itemtype=\"https:\/\/schema.org\/Person\" ><span itemprop='name'><\/span><\/span><span class='av-structured-data'  itemprop=\"datePublished\" datetime=\"2025-11-26T16:21:08+02:00\" >2025-02-04 22:34:00<\/span><span class='av-structured-data'  itemprop=\"dateModified\" itemtype=\"https:\/\/schema.org\/dateModified\" >2025-12-04 22:36:25<\/span><span class='av-structured-data'  itemprop=\"mainEntityOfPage\" itemtype=\"https:\/\/schema.org\/mainEntityOfPage\" ><span itemprop='name'>Ohjelmajohtaja Inka Acht\u00e9n avajaispuhe<\/span><\/span><\/span><\/article><article class='slide-entry flex_column  post-entry post-entry-1696 slide-entry-overview slide-loop-5 slide-parity-even  av_one_third  real-thumbnail posttype-post post-format-standard'  itemscope=\"itemscope\" itemtype=\"https:\/\/schema.org\/CreativeWork\" ><a href='https:\/\/www.docpoint.ee\/test\/festarilehti\/docpointin-virallinen-festivaalihoroskooppi-2025\/' data-rel='slide-1' class='slide-image' title='DocPointin virallinen Festivaalihoroskooppi 2025'><img decoding=\"async\" fetchpriority=\"high\" width=\"495\" height=\"400\" src=\"https:\/\/www.docpoint.ee\/test\/wp-content\/uploads\/2025\/12\/festarihoroskooppi_vaaka-495x400.png\" class=\"wp-image-1697 avia-img-lazy-loading-not-1697 attachment-portfolio size-portfolio wp-post-image\" alt=\"\" srcset=\"https:\/\/www.docpoint.ee\/test\/wp-content\/uploads\/2025\/12\/festarihoroskooppi_vaaka-495x400.png 495w, https:\/\/www.docpoint.ee\/test\/wp-content\/uploads\/2025\/12\/festarihoroskooppi_vaaka-845x684.png 845w\" sizes=\"(max-width: 495px) 100vw, 495px\" \/><\/a><div class=\"slide-content\"><header class=\"entry-content-header\" aria-label=\"Slide: DocPointin virallinen Festivaalihoroskooppi 2025\"><h3 class='slide-entry-title entry-title '  itemprop=\"headline\" ><a href='https:\/\/www.docpoint.ee\/test\/festarilehti\/docpointin-virallinen-festivaalihoroskooppi-2025\/' title='DocPointin virallinen Festivaalihoroskooppi 2025'>DocPointin virallinen Festivaalihoroskooppi 2025<\/a><\/h3><span class=\"av-vertical-delimiter\"><\/span><\/header><div class=\"slide-meta\"><time class='slide-meta-time updated'  itemprop=\"datePublished\" datetime=\"2025-01-20T22:49:00+02:00\" >20.01.2025<\/time><\/div><div class='slide-entry-excerpt entry-content'  itemprop=\"text\" >\nDocPointin toimitus on koostanut virallisen festivaalihoroskoopin\u2026<\/div><\/div><footer class=\"entry-footer\"><\/footer><span class='hidden'>\n\t\t\t\t<span class='av-structured-data'  itemprop=\"image\" itemscope=\"itemscope\" itemtype=\"https:\/\/schema.org\/ImageObject\" >\n\t\t\t\t\t\t<span itemprop='url'>https:\/\/www.docpoint.ee\/test\/wp-content\/uploads\/2025\/12\/festarihoroskooppi_vaaka.png<\/span>\n\t\t\t\t\t\t<span itemprop='height'>1080<\/span>\n\t\t\t\t\t\t<span itemprop='width'>1920<\/span>\n\t\t\t\t<\/span>\n\t\t\t\t<span class='av-structured-data'  itemprop=\"publisher\" itemtype=\"https:\/\/schema.org\/Organization\" itemscope=\"itemscope\" >\n\t\t\t\t\t\t<span itemprop='name'><\/span>\n\t\t\t\t\t\t<span itemprop='logo' itemscope itemtype='https:\/\/schema.org\/ImageObject'>\n\t\t\t\t\t\t\t<span itemprop='url'>https:\/\/docpoint.ee\/dev\/wp-content\/uploads\/2026\/01\/logo_gray-300x155.png<\/span>\n\t\t\t\t\t\t<\/span>\n\t\t\t\t<\/span><span class='av-structured-data'  itemprop=\"author\" itemscope=\"itemscope\" itemtype=\"https:\/\/schema.org\/Person\" ><span itemprop='name'><\/span><\/span><span class='av-structured-data'  itemprop=\"datePublished\" datetime=\"2025-11-26T16:21:08+02:00\" >2025-01-20 22:49:00<\/span><span class='av-structured-data'  itemprop=\"dateModified\" itemtype=\"https:\/\/schema.org\/dateModified\" >2025-12-04 22:51:12<\/span><span class='av-structured-data'  itemprop=\"mainEntityOfPage\" itemtype=\"https:\/\/schema.org\/mainEntityOfPage\" ><span itemprop='name'>DocPointin virallinen Festivaalihoroskooppi 2025<\/span><\/span><\/span><\/article><article class='slide-entry flex_column  post-entry post-entry-1694 slide-entry-overview slide-loop-6 slide-parity-odd  post-entry-last  av_one_third  real-thumbnail posttype-post post-format-standard'  itemscope=\"itemscope\" itemtype=\"https:\/\/schema.org\/CreativeWork\" ><a href='https:\/\/www.docpoint.ee\/test\/festarilehti\/paakirjoitus-elokuvallisia-toivonkipinoita\/' data-rel='slide-1' class='slide-image' title='P\u00e4\u00e4kirjoitus: Elokuvallisia toivonkipin\u00f6it\u00e4'><img decoding=\"async\" fetchpriority=\"high\" width=\"495\" height=\"400\" src=\"https:\/\/www.docpoint.ee\/test\/wp-content\/uploads\/2025\/12\/Reas1-e1736777260609-495x400.png\" class=\"wp-image-1691 avia-img-lazy-loading-not-1691 attachment-portfolio size-portfolio wp-post-image\" alt=\"\" srcset=\"https:\/\/www.docpoint.ee\/test\/wp-content\/uploads\/2025\/12\/Reas1-e1736777260609-495x400.png 495w, https:\/\/www.docpoint.ee\/test\/wp-content\/uploads\/2025\/12\/Reas1-e1736777260609-845x684.png 845w\" sizes=\"(max-width: 495px) 100vw, 495px\" \/><\/a><div class=\"slide-content\"><header class=\"entry-content-header\" aria-label=\"Slide: P\u00e4\u00e4kirjoitus: Elokuvallisia toivonkipin\u00f6it\u00e4\"><h3 class='slide-entry-title entry-title '  itemprop=\"headline\" ><a href='https:\/\/www.docpoint.ee\/test\/festarilehti\/paakirjoitus-elokuvallisia-toivonkipinoita\/' title='P\u00e4\u00e4kirjoitus: Elokuvallisia toivonkipin\u00f6it\u00e4'>P\u00e4\u00e4kirjoitus: Elokuvallisia toivonkipin\u00f6it\u00e4<\/a><\/h3><span class=\"av-vertical-delimiter\"><\/span><\/header><div class=\"slide-meta\"><time class='slide-meta-time updated'  itemprop=\"datePublished\" datetime=\"2025-01-11T22:47:00+02:00\" >11.01.2025<\/time><\/div><div class='slide-entry-excerpt entry-content'  itemprop=\"text\" >\nDocPointin ohjelmajohtaja Inka Acht\u00e9 esittelee p\u00e4\u00e4kirjoituksessaan\u2026<\/div><\/div><footer class=\"entry-footer\"><\/footer><span class='hidden'>\n\t\t\t\t<span class='av-structured-data'  itemprop=\"image\" itemscope=\"itemscope\" itemtype=\"https:\/\/schema.org\/ImageObject\" >\n\t\t\t\t\t\t<span itemprop='url'>https:\/\/www.docpoint.ee\/test\/wp-content\/uploads\/2025\/12\/Reas1-e1736777260609.png<\/span>\n\t\t\t\t\t\t<span itemprop='height'>813<\/span>\n\t\t\t\t\t\t<span itemprop='width'>2000<\/span>\n\t\t\t\t<\/span>\n\t\t\t\t<span class='av-structured-data'  itemprop=\"publisher\" itemtype=\"https:\/\/schema.org\/Organization\" itemscope=\"itemscope\" >\n\t\t\t\t\t\t<span itemprop='name'><\/span>\n\t\t\t\t\t\t<span itemprop='logo' itemscope itemtype='https:\/\/schema.org\/ImageObject'>\n\t\t\t\t\t\t\t<span itemprop='url'>https:\/\/docpoint.ee\/dev\/wp-content\/uploads\/2026\/01\/logo_gray-300x155.png<\/span>\n\t\t\t\t\t\t<\/span>\n\t\t\t\t<\/span><span class='av-structured-data'  itemprop=\"author\" itemscope=\"itemscope\" itemtype=\"https:\/\/schema.org\/Person\" ><span itemprop='name'><\/span><\/span><span class='av-structured-data'  itemprop=\"datePublished\" datetime=\"2025-11-26T16:21:08+02:00\" >2025-01-11 22:47:00<\/span><span class='av-structured-data'  itemprop=\"dateModified\" itemtype=\"https:\/\/schema.org\/dateModified\" >2025-12-04 22:47:26<\/span><span class='av-structured-data'  itemprop=\"mainEntityOfPage\" itemtype=\"https:\/\/schema.org\/mainEntityOfPage\" ><span itemprop='name'>P\u00e4\u00e4kirjoitus: Elokuvallisia toivonkipin\u00f6it\u00e4<\/span><\/span><\/span><\/article><\/div><\/div><\/div>\n","protected":false},"excerpt":{"rendered":"","protected":false},"author":6,"featured_media":0,"parent":0,"menu_order":0,"comment_status":"closed","ping_status":"closed","template":"","meta":{"_acf_changed":false,"footnotes":""},"class_list":["post-1370","page","type-page","status-publish","hentry"],"acf":[],"_links":{"self":[{"href":"https:\/\/www.docpoint.ee\/test\/wp-json\/wp\/v2\/pages\/1370","targetHints":{"allow":["GET"]}}],"collection":[{"href":"https:\/\/www.docpoint.ee\/test\/wp-json\/wp\/v2\/pages"}],"about":[{"href":"https:\/\/www.docpoint.ee\/test\/wp-json\/wp\/v2\/types\/page"}],"author":[{"embeddable":true,"href":"https:\/\/www.docpoint.ee\/test\/wp-json\/wp\/v2\/users\/6"}],"replies":[{"embeddable":true,"href":"https:\/\/www.docpoint.ee\/test\/wp-json\/wp\/v2\/comments?post=1370"}],"version-history":[{"count":5,"href":"https:\/\/www.docpoint.ee\/test\/wp-json\/wp\/v2\/pages\/1370\/revisions"}],"predecessor-version":[{"id":1455,"href":"https:\/\/www.docpoint.ee\/test\/wp-json\/wp\/v2\/pages\/1370\/revisions\/1455"}],"wp:attachment":[{"href":"https:\/\/www.docpoint.ee\/test\/wp-json\/wp\/v2\/media?parent=1370"}],"curies":[{"name":"wp","href":"https:\/\/api.w.org\/{rel}","templated":true}]}}