{"id":128,"date":"2025-06-17T07:10:48","date_gmt":"2025-06-17T07:10:48","guid":{"rendered":"https:\/\/docpoint.fi\/?page_id=128"},"modified":"2025-12-02T18:07:44","modified_gmt":"2025-12-02T16:07:44","slug":"palkinnot-ja-kilpailut","status":"publish","type":"page","link":"https:\/\/www.docpoint.ee\/test\/programm\/palkinnot-ja-kilpailut\/","title":{"rendered":"Palkinnot ja kilpailut"},"content":{"rendered":"<div id='full_slider_1'  class='avia-fullwidth-slider main_color avia-shadow   avia-builder-el-0  el_before_av_textblock  avia-builder-el-first   container_wrap sidebar_right'  ><div  class='avia-slideshow av-mid1bgfv-2a6df077bf79687ad441661f6dcaeeaa avia-slideshow-featured av_slideshow_full avia-slide-slider av-slideshow-ui av-control-default av-slideshow-manual av-loop-once av-loop-manual-endless av-default-height-applied   avia-slideshow-1' data-slideshow-options=\"{&quot;animation&quot;:&quot;slide&quot;,&quot;autoplay&quot;:false,&quot;loop_autoplay&quot;:&quot;once&quot;,&quot;interval&quot;:5,&quot;loop_manual&quot;:&quot;manual-endless&quot;,&quot;autoplay_stopper&quot;:false,&quot;noNavigation&quot;:false,&quot;bg_slider&quot;:false,&quot;keep_padding&quot;:false,&quot;hoverpause&quot;:false,&quot;show_slide_delay&quot;:0}\"  itemprop=\"image\" itemscope=\"itemscope\" itemtype=\"https:\/\/schema.org\/ImageObject\" ><ul class='avia-slideshow-inner ' style='padding-bottom: 28.6666666667%;'><li  class='avia-slideshow-slide av-mid1bgfv-2a6df077bf79687ad441661f6dcaeeaa__0  av-single-slide slide-1 slide-odd'><div data-rel='slideshow-1' class='avia-slide-wrap '   ><img decoding=\"async\" fetchpriority=\"high\" class=\"wp-image-1356 avia-img-lazy-loading-not-1356\"  src=\"https:\/\/www.docpoint.ee\/test\/wp-content\/uploads\/2025\/02\/080225_Roope_Hartikainen_award_ceremony_0002-scaled-1-1500x430.jpg\" width=\"1500\" height=\"430\" title='080225_Roope_Hartikainen_award_ceremony_0002-scaled' alt=''  itemprop=\"thumbnailUrl\"   \/><\/div><\/li><\/ul><\/div><\/div><div id='after_full_slider_1'  class='main_color av_default_container_wrap container_wrap sidebar_right'  ><div class='container av-section-cont-open' ><div class='template-page content  av-content-small alpha units'><div class='post-entry post-entry-type-page post-entry-128'><div class='entry-content-wrapper clearfix'>\n<section  class='av_textblock_section av-aezbs-9eb1508d6115ec96361ddfe69353cb21 '   itemscope=\"itemscope\" itemtype=\"https:\/\/schema.org\/CreativeWork\" ><div class='avia_textblock'  itemprop=\"text\" ><h1>Palkinnot ja kilpailut<\/h1>\n<p><strong>DocPointin kilpasarjat<\/strong><\/p>\n<p>DocPoint \u2013 Helsingin dokumenttielokuvafestivaalilla on kolme vuosittain j\u00e4rjestett\u00e4v\u00e4\u00e4 kilpasarjaa. Niiss\u00e4 jaetaan DocPoint-palkinnot parhaalle kotimaiselle dokumenttielokuvalle, parhaalle kansainv\u00e4liselle dokumenttielokuvalle sek\u00e4 parhaalle kotimaiselle lyhytdokumenttielokuvalle.<\/p>\n<p>Parhaan kotimaisen dokumenttielokuvan DocPoint-palkinto jaetaan suomalaiselle keskipitk\u00e4lle tai pitk\u00e4lle dokumenttielokuvalle. Kotimaisen kilpasarjan elokuvat valitaan kotimaiseen sarjaan ilmoittautuneiden joukosta. Kilpailuun valittavien elokuvien on oltava yli 40-minuuttisia.<\/p>\n<p>DocPointin kansainv\u00e4lisess\u00e4 kilpasarjassa esitet\u00e4\u00e4n 10\u201312 pitk\u00e4\u00e4 dokumenttielokuvaa. Voittajat valitsee kansainv\u00e4lisist\u00e4 ja kotimaisista dokumenttielokuva-alan asiantuntijoista koostuva jury. Kaikilla kolmella kilpasarjoilla on omat tuomaristonsa. Juryt julkistetaan ennen festivaalin alkua.<\/p>\n<p><strong>Kotimaisen kilpasarjan voittajat\u00a0<\/strong><\/p>\n<ul>\n<li>11 Underground (ohj. Chico Pereira), 2025<\/li>\n<li>Neurotyypit (ohj. Maija Hirvonen), 2024<\/li>\n<li>Monica in the South Seas (ohj. Mika Taanila &#038; Sami van Ingen), 2023<\/li>\n<li>Armotonta menoa \u2013 Hoivaty\u00f6n lauluja (ohj. Susanna Helke), 2022<\/li>\n<li>Donner \u2013 Privat (ohj. John Webster), 2021<\/li>\n<\/ul>\n<p><strong>Kotimaisen kilpasarjan kunniamaininnat<\/strong><\/p>\n<ul>\n<li>Sk\u00f6n\u00e4rit (ohj. Milja Viita), 2025<\/li>\n<li>Pelaaja (ohj. Petri Luukkainen &#038; Jesse Jokinen), 2024<\/li>\n<li>Kultainen maa (ohj. Inka Acht\u00e9), 2022<\/li>\n<li>School of Hope (ohj. Mohamed El Aboudi), 2021<\/li>\n<\/ul>\n<p><strong>Kansainv\u00e4lisen kilpasarjan voittajat<\/strong><\/p>\n<ul>\n<li>A Want in Her (ohj. Myrid Carten), 2025<\/li>\n<li>Three Promises (ohj. Yousef Srouji), 2024<\/li>\n<li>While We Watched (ohj. Vinay Shukla), 2023<\/li>\n<li>Where Are We Headed (ohj. Ruslan Fedotov), 2022<\/li>\n<li>Makongo (ohj. Elvis Sabin Nga\u00efbino), 2021<\/li>\n<\/ul>\n<p><strong>Kansainv\u00e4lisen kilpasarjan kunniamaininnat<\/strong><\/p>\n<ul>\n<li>I\u2019m Not Everything I Want to Be (ohj. Kl\u00e1ra Tasovsk\u00e1), 2025<\/li>\n<li>All of Our Heartbeats Are Connected Through Exploding Stars (ohj. Jennifer Rainsford), 2023<\/li>\n<li>Faya Dayi (ohj. Jessica Beshir), 2022<\/li>\n<li>Purple Sea (ohj. Amel Alzakout ja Khaled Abdulwahed), 2021<\/li>\n<\/ul>\n<p><strong>Kotimaisen lyhytkilpasarjan voittajat<\/strong><\/p>\n<ul>\n<li>Huoneet (ohj. Antti Lempi\u00e4inen), 2025<\/li>\n<\/ul>\n<p><strong>Kotimaisen lyhytkilpasarjan kunniamaininnat<\/strong><\/p>\n<ul>\n<li>Underdog (ohj. Marjo Levlin), 2025<\/li>\n<\/ul>\n<p><strong>AHO &#038; SOLDAN \u2013 sek\u00e4 APOLLO-PALKINNOT<\/strong><\/p>\n<p>Vuonna 2002 ensimm\u00e4ist\u00e4 kertaa luovutettu Aho &#038; Soldan -el\u00e4m\u00e4nty\u00f6palkinto my\u00f6nnet\u00e4\u00e4n suomalaiselle dokumenttielokuvataiteilijalle. Kriteerein\u00e4 on suomalaista dokumenttielokuvaa luovasti kehitt\u00e4nyt merkitt\u00e4v\u00e4 elokuvaty\u00f6. Lis\u00e4ksi vaaditaan pitk\u00e4\u00e4n laadukkaana jatkunut ura dokumenttielokuvan parissa. Vuodesta 2006 l\u00e4htien on jaettu my\u00f6s Apollo-palkinto suomalaista dokumenttielokuvaa merkitt\u00e4v\u00e4sti edist\u00e4neelle henkil\u00f6lle tai yhteis\u00f6lle.<\/p>\n<p><strong>AHO &#038; SOLDAN -PALKITUT<\/strong><\/p>\n<ul class=\"wp-block-list\">\n<li>Anu Kuivalainen, 2024<\/li>\n<li>John Webster, 2023<\/li>\n<li>Tuuli Kuittinen, 2021<\/li>\n<li>Mika Kaurism\u00e4ki, 2018<\/li>\n<li>Kanerva Cederstr\u00f6m, 2014<\/li>\n<li>Pekka Lehto, 2011<\/li>\n<li>Kiti Luostarinen, 2010<\/li>\n<li>Peter von Bagh, 2005<\/li>\n<li>Pirjo Honkasalo, 2004<\/li>\n<li>Lasse Naukkarinen, 2003<\/li>\n<li>Markku Lehmuskallio, 2002<\/li>\n<\/ul>\n<p><strong>APOLLO-PALKITUT<\/strong><\/p>\n<ul class=\"wp-block-list\">\n<li>Virpi Suutari, 2025<\/li>\n<li>Erkki Astala, 2022<\/li>\n<li>Juha Samola, 2020<\/li>\n<li>Marita H\u00e4llfors, 2019<\/li>\n<li>Eila Ranta (ent. Werning), 2017<\/li>\n<li>Illume-tuotantoyhti\u00f6, 2016<\/li>\n<li>Reijo Nikkil\u00e4, 2015<\/li>\n<li>Tuula Mehtonen, 2013<\/li>\n<li>Iikka Vehkalahti, 2012<\/li>\n<li>Epidem-tuotantoyhti\u00f6, 2009<\/li>\n<li>J\u00f6rn Donner, 2008<\/li>\n<li>Ilkka Kippola, 2007<\/li>\n<li>Jarmo J\u00e4\u00e4skel\u00e4inen, 2006<\/li>\n<\/ul>\n<\/div><\/section>\n","protected":false},"excerpt":{"rendered":"","protected":false},"author":3,"featured_media":0,"parent":47,"menu_order":5,"comment_status":"closed","ping_status":"closed","template":"","meta":{"_acf_changed":false,"footnotes":""},"class_list":["post-128","page","type-page","status-publish","hentry"],"acf":[],"_links":{"self":[{"href":"https:\/\/www.docpoint.ee\/test\/wp-json\/wp\/v2\/pages\/128","targetHints":{"allow":["GET"]}}],"collection":[{"href":"https:\/\/www.docpoint.ee\/test\/wp-json\/wp\/v2\/pages"}],"about":[{"href":"https:\/\/www.docpoint.ee\/test\/wp-json\/wp\/v2\/types\/page"}],"author":[{"embeddable":true,"href":"https:\/\/www.docpoint.ee\/test\/wp-json\/wp\/v2\/users\/3"}],"replies":[{"embeddable":true,"href":"https:\/\/www.docpoint.ee\/test\/wp-json\/wp\/v2\/comments?post=128"}],"version-history":[{"count":5,"href":"https:\/\/www.docpoint.ee\/test\/wp-json\/wp\/v2\/pages\/128\/revisions"}],"predecessor-version":[{"id":1490,"href":"https:\/\/www.docpoint.ee\/test\/wp-json\/wp\/v2\/pages\/128\/revisions\/1490"}],"up":[{"embeddable":true,"href":"https:\/\/www.docpoint.ee\/test\/wp-json\/wp\/v2\/pages\/47"}],"wp:attachment":[{"href":"https:\/\/www.docpoint.ee\/test\/wp-json\/wp\/v2\/media?parent=128"}],"curies":[{"name":"wp","href":"https:\/\/api.w.org\/{rel}","templated":true}]}}