{"id":126,"date":"2025-06-17T07:10:29","date_gmt":"2025-06-17T07:10:29","guid":{"rendered":"https:\/\/docpoint.fi\/?page_id=126"},"modified":"2025-11-26T16:30:39","modified_gmt":"2025-11-26T14:30:39","slug":"ohjelmavihko","status":"publish","type":"page","link":"https:\/\/www.docpoint.ee\/test\/programm\/ohjelmavihko\/","title":{"rendered":"Ohjelmavihko"},"content":{"rendered":"\n<p>Festivaalin ohjelmavihosta l\u00f6yd\u00e4t n\u00e4yt\u00f6saikataulun sek\u00e4 lyhyet esittelyt elokuvista!\u00a0Festivaalin vuoden 2026 ohjelmavihko julkaistaan tammikuussa.<\/p>\n\n\n\n<p><a href=\"https:\/\/docpointfestival.fi\/wp-content\/uploads\/2025\/02\/DocPoint-2025-Schedule-updated.pdf\">Lataa festivaalin ohjelmakartta 2025 pdf-muodossa (p\u00e4ivitetty 5.2.)<\/a><\/p>\n\n\n\n<p><a href=\"https:\/\/docpointfestival.fi\/wp-content\/uploads\/2025\/01\/DPF2025-DocPoint-%E2%80%93-Helsingin-dokumenttielokuvafestivaali-ohjelmavihko-lowres.pdf\">Ohjelmavihon voi ladata pdf-muodossa t\u00e4st\u00e4.<\/a><\/p>\n\n\n\n<p><\/p>\n","protected":false},"excerpt":{"rendered":"<p>Festivaalin ohjelmavihosta l\u00f6yd\u00e4t n\u00e4yt\u00f6saikataulun sek\u00e4 lyhyet esittelyt elokuvista!\u00a0Festivaalin vuoden 2026 ohjelmavihko julkaistaan tammikuussa. Lataa festivaalin ohjelmakartta 2025 pdf-muodossa (p\u00e4ivitetty 5.2.) Ohjelmavihon voi ladata pdf-muodossa t\u00e4st\u00e4.<\/p>\n","protected":false},"author":3,"featured_media":0,"parent":47,"menu_order":4,"comment_status":"closed","ping_status":"closed","template":"","meta":{"_acf_changed":false,"footnotes":""},"class_list":["post-126","page","type-page","status-publish","hentry"],"acf":[],"_links":{"self":[{"href":"https:\/\/www.docpoint.ee\/test\/wp-json\/wp\/v2\/pages\/126","targetHints":{"allow":["GET"]}}],"collection":[{"href":"https:\/\/www.docpoint.ee\/test\/wp-json\/wp\/v2\/pages"}],"about":[{"href":"https:\/\/www.docpoint.ee\/test\/wp-json\/wp\/v2\/types\/page"}],"author":[{"embeddable":true,"href":"https:\/\/www.docpoint.ee\/test\/wp-json\/wp\/v2\/users\/3"}],"replies":[{"embeddable":true,"href":"https:\/\/www.docpoint.ee\/test\/wp-json\/wp\/v2\/comments?post=126"}],"version-history":[{"count":3,"href":"https:\/\/www.docpoint.ee\/test\/wp-json\/wp\/v2\/pages\/126\/revisions"}],"predecessor-version":[{"id":1378,"href":"https:\/\/www.docpoint.ee\/test\/wp-json\/wp\/v2\/pages\/126\/revisions\/1378"}],"up":[{"embeddable":true,"href":"https:\/\/www.docpoint.ee\/test\/wp-json\/wp\/v2\/pages\/47"}],"wp:attachment":[{"href":"https:\/\/www.docpoint.ee\/test\/wp-json\/wp\/v2\/media?parent=126"}],"curies":[{"name":"wp","href":"https:\/\/api.w.org\/{rel}","templated":true}]}}