{"id":124,"date":"2025-06-17T07:09:52","date_gmt":"2025-06-17T07:09:52","guid":{"rendered":"https:\/\/docpoint.fi\/?page_id=124"},"modified":"2025-12-10T11:20:56","modified_gmt":"2025-12-10T09:20:56","slug":"naytoskartta","status":"publish","type":"page","link":"https:\/\/www.docpoint.ee\/test\/programm\/naytoskartta\/","title":{"rendered":"N\u00e4yt\u00f6skartta 2025"},"content":{"rendered":"<div id='full_slider_1'  class='avia-fullwidth-slider main_color avia-shadow   avia-builder-el-0  el_before_av_heading  avia-builder-el-first   container_wrap sidebar_right'  ><div  class='avia-slideshow av-miory0ld-9c99ab93b4ae057b0e09c314fc9871fa avia-slideshow-featured av_slideshow_full avia-slide-slider av-slideshow-ui av-control-default av-slideshow-manual av-loop-once av-loop-manual-endless av-default-height-applied   avia-slideshow-1' data-slideshow-options=\"{&quot;animation&quot;:&quot;slide&quot;,&quot;autoplay&quot;:false,&quot;loop_autoplay&quot;:&quot;once&quot;,&quot;interval&quot;:5,&quot;loop_manual&quot;:&quot;manual-endless&quot;,&quot;autoplay_stopper&quot;:false,&quot;noNavigation&quot;:false,&quot;bg_slider&quot;:false,&quot;keep_padding&quot;:false,&quot;hoverpause&quot;:false,&quot;show_slide_delay&quot;:0}\"  itemprop=\"image\" itemscope=\"itemscope\" itemtype=\"https:\/\/schema.org\/ImageObject\" ><ul class='avia-slideshow-inner ' style='padding-bottom: 28.6666666667%;'><li  class='avia-slideshow-slide av-miory0ld-9c99ab93b4ae057b0e09c314fc9871fa__0  av-single-slide slide-1 slide-odd'><div data-rel='slideshow-1' class='avia-slide-wrap '   ><img decoding=\"async\" fetchpriority=\"high\" class=\"wp-image-1493 avia-img-lazy-loading-not-1493\"  src=\"https:\/\/www.docpoint.ee\/test\/wp-content\/uploads\/2025\/12\/04.02.25_Roberto-Puentes_Opening-BioRex_025-1500x430.jpg\" width=\"1500\" height=\"430\" title='04.02.25_Roberto-Puentes_Opening-BioRex_025' alt=''  itemprop=\"thumbnailUrl\"   \/><\/div><\/li><\/ul><\/div><\/div><div id='after_full_slider_1'  class='main_color av_default_container_wrap container_wrap sidebar_right'  ><div class='container av-section-cont-open' ><div class='template-page content  av-content-small alpha units'><div class='post-entry post-entry-type-page post-entry-124'><div class='entry-content-wrapper clearfix'>\n\n<style type=\"text\/css\" data-created_by=\"avia_inline_auto\" id=\"style-css-av-mgpbn55v-ea29fb51170e1f3c7e1d9e15a7578439\">\n#top .av-special-heading.av-mgpbn55v-ea29fb51170e1f3c7e1d9e15a7578439{\npadding-bottom:10px;\n}\nbody .av-special-heading.av-mgpbn55v-ea29fb51170e1f3c7e1d9e15a7578439 .av-special-heading-tag .heading-char{\nfont-size:25px;\n}\n.av-special-heading.av-mgpbn55v-ea29fb51170e1f3c7e1d9e15a7578439 .av-subheading{\nfont-size:15px;\n}\n<\/style>\n<div  class='av-special-heading av-mgpbn55v-ea29fb51170e1f3c7e1d9e15a7578439 av-special-heading-h1  avia-builder-el-1  el_after_av_slideshow_full  el_before_av_textblock  avia-builder-el-first '><h1 class='av-special-heading-tag '  itemprop=\"headline\"  >N\u00e4yt\u00f6skartta 2025<\/h1><div class=\"special-heading-border\"><div class=\"special-heading-inner-border\"><\/div><\/div><\/div>\n<section  class='av_textblock_section av-mizrli51-0dce4abdd58ca5aedafe77cf025a68ac '   itemscope=\"itemscope\" itemtype=\"https:\/\/schema.org\/CreativeWork\" ><div class='avia_textblock'  itemprop=\"text\" ><p>T\u00e4ll\u00e4 sivulla on esill\u00e4 vuoden 2025 festivaalin n\u00e4yt\u00f6skartta. Vuoden 2026 festivaalin ohjelmisto julkaistaan <strong>8.1.2026<\/strong>, ja n\u00e4yt\u00f6sliput tulevat myyntiin 13.1.2026.<\/p>\n<\/div><\/section>\n\n<style type=\"text\/css\" data-created_by=\"avia_inline_auto\" id=\"style-css-av-mhroftdx-9b80035611cf3258cef837058fd3627d\">\n#top .av-special-heading.av-mhroftdx-9b80035611cf3258cef837058fd3627d{\npadding-bottom:10px;\n}\nbody .av-special-heading.av-mhroftdx-9b80035611cf3258cef837058fd3627d .av-special-heading-tag .heading-char{\nfont-size:25px;\n}\n.av-special-heading.av-mhroftdx-9b80035611cf3258cef837058fd3627d .av-subheading{\nfont-size:15px;\n}\n<\/style>\n<div  class='av-special-heading av-mhroftdx-9b80035611cf3258cef837058fd3627d av-special-heading-h3  avia-builder-el-3  el_after_av_textblock  el_before_av_codeblock '><h3 class='av-special-heading-tag '  itemprop=\"headline\"  >Tiistai 4.2.<\/h3><div class=\"special-heading-border\"><div class=\"special-heading-inner-border\"><\/div><\/div><\/div>\n\n<div  class='hr av-9xn3g-f429072965a95c7edf42e7e5c103fd49 hr-default  avia-builder-el-5  el_after_av_codeblock  el_before_av_heading '><span class='hr-inner '><span class=\"hr-inner-style\"><\/span><\/span><\/div>\n\n<style type=\"text\/css\" data-created_by=\"avia_inline_auto\" id=\"style-css-av-mios05c7-97572ea78487f54e6e5ca4aec0d48e31\">\n#top .av-special-heading.av-mios05c7-97572ea78487f54e6e5ca4aec0d48e31{\npadding-bottom:10px;\n}\nbody .av-special-heading.av-mios05c7-97572ea78487f54e6e5ca4aec0d48e31 .av-special-heading-tag .heading-char{\nfont-size:25px;\n}\n.av-special-heading.av-mios05c7-97572ea78487f54e6e5ca4aec0d48e31 .av-subheading{\nfont-size:15px;\n}\n<\/style>\n<div  class='av-special-heading av-mios05c7-97572ea78487f54e6e5ca4aec0d48e31 av-special-heading-h3  avia-builder-el-6  el_after_av_hr  el_before_av_codeblock '><h3 class='av-special-heading-tag '  itemprop=\"headline\"  >Keskiviikko 5.2.<\/h3><div class=\"special-heading-border\"><div class=\"special-heading-inner-border\"><\/div><\/div><\/div>\n\n\n<style type=\"text\/css\" data-created_by=\"avia_inline_auto\" id=\"style-css-av-mios0ivr-0d50aa3150a8cf1d51362cf73bb8aae6\">\n#top .av-special-heading.av-mios0ivr-0d50aa3150a8cf1d51362cf73bb8aae6{\npadding-bottom:10px;\n}\nbody .av-special-heading.av-mios0ivr-0d50aa3150a8cf1d51362cf73bb8aae6 .av-special-heading-tag .heading-char{\nfont-size:25px;\n}\n.av-special-heading.av-mios0ivr-0d50aa3150a8cf1d51362cf73bb8aae6 .av-subheading{\nfont-size:15px;\n}\n<\/style>\n<div  class='av-special-heading av-mios0ivr-0d50aa3150a8cf1d51362cf73bb8aae6 av-special-heading-h3  avia-builder-el-8  el_after_av_codeblock  el_before_av_codeblock '><h3 class='av-special-heading-tag '  itemprop=\"headline\"  >Torstai 6.2.<\/h3><div class=\"special-heading-border\"><div class=\"special-heading-inner-border\"><\/div><\/div><\/div>\n\n","protected":false},"excerpt":{"rendered":"","protected":false},"author":3,"featured_media":0,"parent":47,"menu_order":3,"comment_status":"closed","ping_status":"closed","template":"","meta":{"_acf_changed":false,"footnotes":""},"class_list":["post-124","page","type-page","status-publish","hentry"],"acf":[],"_links":{"self":[{"href":"https:\/\/www.docpoint.ee\/test\/wp-json\/wp\/v2\/pages\/124","targetHints":{"allow":["GET"]}}],"collection":[{"href":"https:\/\/www.docpoint.ee\/test\/wp-json\/wp\/v2\/pages"}],"about":[{"href":"https:\/\/www.docpoint.ee\/test\/wp-json\/wp\/v2\/types\/page"}],"author":[{"embeddable":true,"href":"https:\/\/www.docpoint.ee\/test\/wp-json\/wp\/v2\/users\/3"}],"replies":[{"embeddable":true,"href":"https:\/\/www.docpoint.ee\/test\/wp-json\/wp\/v2\/comments?post=124"}],"version-history":[{"count":5,"href":"https:\/\/www.docpoint.ee\/test\/wp-json\/wp\/v2\/pages\/124\/revisions"}],"predecessor-version":[{"id":2038,"href":"https:\/\/www.docpoint.ee\/test\/wp-json\/wp\/v2\/pages\/124\/revisions\/2038"}],"up":[{"embeddable":true,"href":"https:\/\/www.docpoint.ee\/test\/wp-json\/wp\/v2\/pages\/47"}],"wp:attachment":[{"href":"https:\/\/www.docpoint.ee\/test\/wp-json\/wp\/v2\/media?parent=124"}],"curies":[{"name":"wp","href":"https:\/\/api.w.org\/{rel}","templated":true}]}}