{"id":120,"date":"2025-06-17T07:08:58","date_gmt":"2025-06-17T07:08:58","guid":{"rendered":"https:\/\/docpoint.fi\/?page_id=120"},"modified":"2026-01-11T11:45:08","modified_gmt":"2026-01-11T09:45:08","slug":"filmid","status":"publish","type":"page","link":"https:\/\/www.docpoint.ee\/test\/programm\/filmid\/","title":{"rendered":"Filmid"},"content":{"rendered":"<div id='full_slider_1'  class='avia-fullwidth-slider main_color avia-shadow   avia-builder-el-0  el_before_av_heading  avia-builder-el-first   container_wrap sidebar_right'  ><div  class='avia-slideshow av-mk9jrggi-7e13c62625acd2b3f177eab90075c5c3 avia-slideshow-featured av_slideshow_full avia-slide-slider av-slideshow-ui av-control-default av-slideshow-manual av-loop-once av-loop-manual-endless av-default-height-applied   avia-slideshow-1' data-slideshow-options=\"{&quot;animation&quot;:&quot;slide&quot;,&quot;autoplay&quot;:false,&quot;loop_autoplay&quot;:&quot;once&quot;,&quot;interval&quot;:5,&quot;loop_manual&quot;:&quot;manual-endless&quot;,&quot;autoplay_stopper&quot;:false,&quot;noNavigation&quot;:false,&quot;bg_slider&quot;:false,&quot;keep_padding&quot;:false,&quot;hoverpause&quot;:false,&quot;show_slide_delay&quot;:0}\"  itemprop=\"image\" itemscope=\"itemscope\" itemtype=\"https:\/\/schema.org\/ImageObject\" ><ul class='avia-slideshow-inner ' style='padding-bottom: 28.6666666667%;'><li  class='avia-slideshow-slide av-mk9jrggi-7e13c62625acd2b3f177eab90075c5c3__0  av-single-slide slide-1 slide-odd'><div data-rel='slideshow-1' class='avia-slide-wrap '   ><img decoding=\"async\" fetchpriority=\"high\" class=\"wp-image-3024 avia-img-lazy-loading-not-3024\"  src=\"https:\/\/www.docpoint.ee\/test\/wp-content\/uploads\/2026\/01\/cropped-docpoint-homepage-header-dates-pre-1500x430.jpg\" width=\"1500\" height=\"430\" title='cropped-docpoint-homepage-header-dates-pre' alt=''  itemprop=\"thumbnailUrl\"   \/><\/div><\/li><\/ul><\/div><\/div><div id='after_full_slider_1'  class='main_color av_default_container_wrap container_wrap sidebar_right'  ><div class='container av-section-cont-open' ><div class='template-page content  av-content-small alpha units'><div class='post-entry post-entry-type-page post-entry-120'><div class='entry-content-wrapper clearfix'>\n\n<style type=\"text\/css\" data-created_by=\"avia_inline_auto\" id=\"style-css-av-mgny3a8o-17837bc7b36a0f4f8aebbd27f299d35a\">\n#top .av-special-heading.av-mgny3a8o-17837bc7b36a0f4f8aebbd27f299d35a{\npadding-bottom:10px;\n}\nbody .av-special-heading.av-mgny3a8o-17837bc7b36a0f4f8aebbd27f299d35a .av-special-heading-tag .heading-char{\nfont-size:25px;\n}\n.av-special-heading.av-mgny3a8o-17837bc7b36a0f4f8aebbd27f299d35a .av-subheading{\nfont-size:15px;\n}\n<\/style>\n<div  class='av-special-heading av-mgny3a8o-17837bc7b36a0f4f8aebbd27f299d35a av-special-heading-h1  avia-builder-el-1  el_after_av_slideshow_full  el_before_av_textblock  avia-builder-el-first '><h1 class='av-special-heading-tag '  itemprop=\"headline\"  >Filmid 2026<\/h1><div class=\"special-heading-border\"><div class=\"special-heading-inner-border\"><\/div><\/div><\/div>\n<section  class='av_textblock_section av-miyndzfv-521944b59d3ce9080ce436f58557cca0 '   itemscope=\"itemscope\" itemtype=\"https:\/\/schema.org\/CreativeWork\" ><div class='avia_textblock'  itemprop=\"text\" ><p>T\u00e4ll\u00e4 sivulla on esill\u00e4 vuoden 2025 festivaalin ohjelmisto. Vuoden 2026 festivaalin ohjelmisto julkaistaan <strong>8.1.2026<\/strong>, ja n\u00e4yt\u00f6sliput tulevat myyntiin 13.1.2026.<\/p>\n<\/div><\/section>\n\n","protected":false},"excerpt":{"rendered":"","protected":false},"author":3,"featured_media":0,"parent":47,"menu_order":1,"comment_status":"closed","ping_status":"closed","template":"","meta":{"_acf_changed":false,"footnotes":""},"class_list":["post-120","page","type-page","status-publish","hentry"],"acf":[],"_links":{"self":[{"href":"https:\/\/www.docpoint.ee\/test\/wp-json\/wp\/v2\/pages\/120","targetHints":{"allow":["GET"]}}],"collection":[{"href":"https:\/\/www.docpoint.ee\/test\/wp-json\/wp\/v2\/pages"}],"about":[{"href":"https:\/\/www.docpoint.ee\/test\/wp-json\/wp\/v2\/types\/page"}],"author":[{"embeddable":true,"href":"https:\/\/www.docpoint.ee\/test\/wp-json\/wp\/v2\/users\/3"}],"replies":[{"embeddable":true,"href":"https:\/\/www.docpoint.ee\/test\/wp-json\/wp\/v2\/comments?post=120"}],"version-history":[{"count":5,"href":"https:\/\/www.docpoint.ee\/test\/wp-json\/wp\/v2\/pages\/120\/revisions"}],"predecessor-version":[{"id":3037,"href":"https:\/\/www.docpoint.ee\/test\/wp-json\/wp\/v2\/pages\/120\/revisions\/3037"}],"up":[{"embeddable":true,"href":"https:\/\/www.docpoint.ee\/test\/wp-json\/wp\/v2\/pages\/47"}],"wp:attachment":[{"href":"https:\/\/www.docpoint.ee\/test\/wp-json\/wp\/v2\/media?parent=120"}],"curies":[{"name":"wp","href":"https:\/\/api.w.org\/{rel}","templated":true}]}}